{"id":612,"date":"2021-03-26T10:04:13","date_gmt":"2021-03-26T10:04:13","guid":{"rendered":"http:\/\/localhost\/nuss\/?page_id=612"},"modified":"2026-03-27T06:43:55","modified_gmt":"2026-03-27T06:43:55","slug":"restaurant","status":"publish","type":"page","link":"https:\/\/purejoyhotelsaigon.com\/fr\/restaurant\/","title":{"rendered":"Restaurant"},"content":{"rendered":"<div data-elementor-type=\"wp-page\" data-elementor-id=\"612\" class=\"elementor elementor-612\">\n\t\t\t\t\t\t<section class=\"elementor-section elementor-top-section elementor-element elementor-element-e2effe8 elementor-section-boxed elementor-section-gap-beside-yes elementor-section-height-default elementor-section-height-default elementor-section-column-vertical-align-stretch\" data-id=\"e2effe8\" data-element_type=\"section\" data-e-type=\"section\">\n\t\t\t\t\t\t<div class=\"elementor-container elementor-column-gap-extended\">\n\t\t\t\t\t<div class=\"elementor-column elementor-col-100 elementor-top-column elementor-element elementor-element-e18f688\" data-id=\"e18f688\" data-element_type=\"column\" data-e-type=\"column\">\n\t\t\t<div class=\"elementor-widget-wrap elementor-element-populated\">\n\t\t\t\t\t\t<div class=\"elementor-element elementor-element-6db146d elementor-widget__width-initial elementor-invisible elementor-widget elementor-widget-text-editor\" data-id=\"6db146d\" data-element_type=\"widget\" data-e-type=\"widget\" data-settings=\"{&quot;_animation&quot;:&quot;nussFadeInUp&quot;}\" data-widget_type=\"text-editor.default\">\n\t\t\t\t\t\t\t\t\tD\u00eener \u00e0 l&#039;h\u00f4tel PureJoy Saigon \u2013 Votre porte d&#039;entr\u00e9e culinaire vers les saveurs d&#039;H\u00f4 Chi Minh-Ville\t\t\t\t\t\t\t\t<\/div>\n\t\t\t\t\t<\/div>\n\t\t<\/div>\n\t\t\t\t\t<\/div>\n\t\t<\/section>\n\t\t<div class=\"elementor-element elementor-element-0e35f94 e-flex e-con-boxed e-con e-parent\" data-id=\"0e35f94\" data-element_type=\"container\" data-e-type=\"container\">\n\t\t\t\t\t<div class=\"e-con-inner\">\n\t\t\t\t<div class=\"elementor-element elementor-element-6058fa8 elementor-widget elementor-widget-text-editor\" data-id=\"6058fa8\" data-element_type=\"widget\" data-e-type=\"widget\" data-widget_type=\"text-editor.default\">\n\t\t\t\t\t\t\t\t\t<h2 class=\"qwen-markdown-heading\"><span class=\"qwen-markdown-text\">D\u00e9couvrez l&#039;authentique cuisine vietnamienne et des saveurs internationales \u00e0 l&#039;h\u00f4tel PureJoy de Saigon.<\/span><\/h2><div class=\"qwen-markdown-paragraph\"><span class=\"qwen-markdown-text\">L&#039;h\u00f4tel PureJoy Saigon, situ\u00e9 au 185-187 rue Nguyen Thai Hoc, dans le quartier Ben Thanh, district 1, \u00e0 H\u00f4 Chi Minh-Ville, vous propose un voyage culinaire exceptionnel qui commence d\u00e8s votre arriv\u00e9e. Si notre h\u00f4tel de charme met l&#039;accent sur le confort de son service de restauration en chambre, nous avons \u00e9galement \u00e0 c\u0153ur de vous faire d\u00e9couvrir la sc\u00e8ne gastronomique extraordinaire qui l&#039;entoure, faisant de chaque repas une v\u00e9ritable aventure gustative et culturelle.<\/span><\/div><div class=\"qwen-markdown-space\">\u00a0<\/div><h2 class=\"qwen-markdown-heading\"><span class=\"qwen-markdown-text\">Des petits d\u00e9jeuners pour bien commencer la journ\u00e9e<\/span><\/h2><div class=\"qwen-markdown-paragraph\"><span class=\"qwen-markdown-text\">Commencez chaque matin\u00e9e \u00e0 l&#039;h\u00f4tel PureJoy Saigon par un petit-d\u00e9jeuner soigneusement pr\u00e9par\u00e9, con\u00e7u pour vous donner l&#039;\u00e9nergie n\u00e9cessaire \u00e0 vos journ\u00e9es de d\u00e9couverte ou de r\u00e9unions professionnelles \u00e0 H\u00f4 Chi Minh-Ville. Selon la formule choisie, vous pourrez savourer un petit-d\u00e9jeuner gratuit compos\u00e9 de sp\u00e9cialit\u00e9s vietnamiennes et internationales. Du traditionnel pho et banh mi aux options continentales incluant pain frais, fruits, caf\u00e9 et \u0153ufs, notre service de petit-d\u00e9jeuner vous garantit un r\u00e9veil en douceur, \u00e0 l&#039;image de la richesse culinaire du Vietnam.<\/span><\/div><div class=\"qwen-markdown-space\">\u00a0<\/div><div class=\"qwen-markdown-paragraph\"><span class=\"qwen-markdown-text\">Nos petits-d\u00e9jeuners sont pr\u00e9par\u00e9s avec le plus grand soin, en privil\u00e9giant les ingr\u00e9dients frais et de qualit\u00e9 provenant de producteurs locaux. L&#039;atmosph\u00e8re y est d\u00e9tendue et propice \u00e0 la planification de la journ\u00e9e, aux \u00e9changes avec d&#039;autres voyageurs ou simplement \u00e0 un moment de calme avant de partir \u00e0 la d\u00e9couverte des rues anim\u00e9es du District 1.<\/span><\/div><div class=\"qwen-markdown-space\">\u00a0<\/div><h2 class=\"qwen-markdown-heading\"><span class=\"qwen-markdown-text\">Confort et commodit\u00e9 des repas en chambre<\/span><\/h2><div class=\"qwen-markdown-paragraph\"><span class=\"qwen-markdown-text\">L&#039;h\u00f4tel PureJoy Saigon comprend que les voyageurs modernes appr\u00e9cient la flexibilit\u00e9 et le confort en mati\u00e8re de restauration. Nos chambres sont \u00e9quip\u00e9es de mini-r\u00e9frig\u00e9rateurs et de minibars, vous permettant ainsi de garder \u00e0 port\u00e9e de main boissons, en-cas et repas l\u00e9gers tout au long de votre s\u00e9jour. Cet atout est particuli\u00e8rement appr\u00e9ci\u00e9 des voyageurs d&#039;affaires travaillant tard, des familles avec de jeunes enfants ou des clients qui pr\u00e9f\u00e8rent d\u00eener \u00e0 leur propre rythme.<\/span><\/div><div class=\"qwen-markdown-space\">\u00a0<\/div><div class=\"qwen-markdown-paragraph\"><span class=\"qwen-markdown-text\">L&#039;\u00e9quipe de la r\u00e9ception, ouverte 24h\/24, peut vous aider \u00e0 commander des plats aupr\u00e8s des restaurants voisins, en vous fournissant les menus et des recommandations de sp\u00e9cialit\u00e9s locales \u00e0 d\u00e9guster dans le confort de votre chambre. Ce service vous permet ainsi de d\u00e9couvrir la riche gastronomie sa\u00efgonnaise sans quitter l&#039;intimit\u00e9 de votre h\u00e9bergement.<\/span><\/div><div class=\"qwen-markdown-space\">\u00a0<\/div><h2 class=\"qwen-markdown-heading\"><span class=\"qwen-markdown-text\">La sc\u00e8ne gastronomique du quartier \u2013 Votre restaurant \u00e9largi<\/span><\/h2><div class=\"qwen-markdown-paragraph\"><span class=\"qwen-markdown-text\">L&#039;un des atouts culinaires majeurs du PureJoy Hotel Saigon r\u00e9side dans son emplacement privil\u00e9gi\u00e9 sur la rue Nguyen Thai Hoc, affectueusement surnomm\u00e9e \u201c\u00a0rue japonaise\u00a0\u201d par les locaux comme par les expatri\u00e9s. Ce quartier anim\u00e9 offre une concentration exceptionnelle de restaurants, compl\u00e9tant ainsi parfaitement l&#039;offre de restauration de notre h\u00f4tel.<\/span><\/div><div class=\"qwen-markdown-space\">\u00a0<\/div><div class=\"qwen-markdown-paragraph\"><span class=\"qwen-markdown-text\">\u00c0 deux pas de l&#039;entr\u00e9e de l&#039;h\u00f4tel, les clients peuvent d\u00e9couvrir d&#039;authentiques restaurants japonais proposant sushis, ramen et teppanyaki. Les amateurs de cuisine vietnamienne trouveront une multitude de plats traditionnels, comme le pho, le bun cha, le c\u00f4m tam et les rouleaux de printemps frais, pr\u00e9par\u00e9s par des chefs locaux talentueux. Les rues avoisinantes regorgent \u00e9galement de restaurants internationaux aux saveurs tha\u00eflandaises, cor\u00e9ennes, chinoises, fran\u00e7aises, italiennes et am\u00e9ricaines, refl\u00e9tant le caract\u00e8re cosmopolite d&#039;H\u00f4-Chi-Minh-Ville.<\/span><\/div><div class=\"qwen-markdown-space\">\u00a0<\/div><h2 class=\"qwen-markdown-heading\"><span class=\"qwen-markdown-text\">Culture des caf\u00e9s et exp\u00e9riences caf\u00e9<\/span><\/h2><div class=\"qwen-markdown-paragraph\"><span class=\"qwen-markdown-text\">Un voyage au Vietnam ne saurait \u00eatre complet sans une immersion dans sa c\u00e9l\u00e8bre culture du caf\u00e9, et les clients du PureJoy Hotel Saigon b\u00e9n\u00e9ficient d&#039;une situation id\u00e9ale pour d\u00e9couvrir cet aspect incontournable de la vie locale. Le quartier qui entoure l&#039;h\u00f4tel regorge de caf\u00e9s servant le traditionnel c\u00e0 ph\u00ea s\u1eefa \u0111\u00e1 (caf\u00e9 glac\u00e9 au lait concentr\u00e9), le caf\u00e9 aux \u0153ufs et des pr\u00e9parations modernes \u00e0 base de caf\u00e9 de sp\u00e9cialit\u00e9.<\/span><\/div><div class=\"qwen-markdown-space\">\u00a0<\/div><div class=\"qwen-markdown-paragraph\"><span class=\"qwen-markdown-text\">Les rituels du caf\u00e9 matinal deviendront un moment fort de votre s\u00e9jour. Vous d\u00e9couvrirez des caf\u00e9s locaux o\u00f9 les habitants se retrouvent pour \u00e9changer, travailler et savourer la douceur de vivre vietnamienne. Notre \u00e9quipe de r\u00e9ception se fera un plaisir de vous recommander des caf\u00e9s authentiques, loin des pi\u00e8ges \u00e0 touristes, pour une immersion totale dans les traditions et les saveurs locales.<\/span><\/div><div class=\"qwen-markdown-space\">\u00a0<\/div><h2 class=\"qwen-markdown-heading\"><span class=\"qwen-markdown-text\">Aventures culinaires de rue pr\u00e8s de l&#039;h\u00f4tel PureJoy Saigon<\/span><\/h2><div class=\"qwen-markdown-paragraph\"><span class=\"qwen-markdown-text\">Pour les gourmets aventureux, les rues avoisinant l&#039;h\u00f4tel PureJoy Saigon regorgent d&#039;occasions de savourer une authentique cuisine de rue vietnamienne. Le march\u00e9 Ben Thanh, \u00e0 quelques minutes \u00e0 pied, est un v\u00e9ritable tr\u00e9sor de stands proposant des sp\u00e9cialit\u00e9s locales \u00e0 prix abordables. Les march\u00e9s nocturnes et les rues pi\u00e9tonnes pr\u00e8s de Bui Vien et Pham Ngu Lao offrent d&#039;autres possibilit\u00e9s de d\u00e9guster des grillades, des fruits de mer frais, des fruits tropicaux et des desserts traditionnels.<\/span><\/div><div class=\"qwen-markdown-space\">\u00a0<\/div><div class=\"qwen-markdown-paragraph\"><span class=\"qwen-markdown-text\">Notre \u00e9quipe peut vous conseiller pour profiter pleinement de la cuisine de rue en toute s\u00e9curit\u00e9, et vous recommander des vendeurs r\u00e9put\u00e9s pour leur rotation rapide et leurs bonnes pratiques d&#039;hygi\u00e8ne. Nous sommes convaincus que la cuisine de rue est essentielle \u00e0 la compr\u00e9hension de la culture vietnamienne et nous encourageons nos visiteurs \u00e0 vivre ces aventures culinaires authentiques en toute confiance.<\/span><\/div><div class=\"qwen-markdown-space\">\u00a0<\/div><h2 class=\"qwen-markdown-heading\"><span class=\"qwen-markdown-text\">Restaurants gastronomiques et pour occasions sp\u00e9ciales<\/span><\/h2><div class=\"qwen-markdown-paragraph\"><span class=\"qwen-markdown-text\">L&#039;emplacement central du PureJoy Hotel Saigon, dans le district 1, offre un acc\u00e8s facile \u00e0 des restaurants haut de gamme, parfaits pour les occasions sp\u00e9ciales, les d\u00eeners d&#039;affaires ou les soir\u00e9es romantiques. \u00c0 quelques pas ou en quelques minutes de taxi, les clients peuvent d\u00e9couvrir des restaurants sur les toits offrant une vue panoramique sur la ville, d&#039;\u00e9l\u00e9gants \u00e9tablissements fusion franco-vietnamiens et des restaurants gastronomiques internationaux salu\u00e9s par la critique culinaire et les publications de voyage.<\/span><\/div><div class=\"qwen-markdown-space\">\u00a0<\/div><div class=\"qwen-markdown-paragraph\"><span class=\"qwen-markdown-text\">Notre \u00e9quipe de conciergerie peut vous aider \u00e0 r\u00e9server des restaurants, vous renseigner sur les codes vestimentaires et organiser vos transports afin que vos exp\u00e9riences culinaires se d\u00e9roulent sans accroc. Nous savons qu&#039;un repas m\u00e9morable est souvent le point d&#039;orgue d&#039;un voyage, et nous sommes fiers d&#039;aider nos clients \u00e0 trouver des restaurants qui correspondent \u00e0 leurs go\u00fbts et \u00e0 l&#039;occasion.<\/span><\/div><div class=\"qwen-markdown-space\">\u00a0<\/div><h2 class=\"qwen-markdown-heading\"><span class=\"qwen-markdown-text\">Exigences alimentaires et demandes sp\u00e9ciales<\/span><\/h2><div class=\"qwen-markdown-paragraph\"><span class=\"qwen-markdown-text\">L&#039;h\u00f4tel PureJoy Saigon s&#039;engage \u00e0 satisfaire les besoins et pr\u00e9f\u00e9rences alimentaires sp\u00e9cifiques de ses clients. Que vous souhaitiez des repas v\u00e9g\u00e9tariens, v\u00e9g\u00e9taliens, halal, sans gluten ou adapt\u00e9s aux allergies, notre personnel vous recommandera des restaurants \u00e0 proximit\u00e9 proposant ces options. La diversit\u00e9 culinaire du District 1 permet \u00e0 chacun, quelles que soient ses restrictions alimentaires, de trouver un plat savoureux et de qualit\u00e9.<\/span><\/div><div class=\"qwen-markdown-space\">\u00a0<\/div><div class=\"qwen-markdown-paragraph\"><span class=\"qwen-markdown-text\">Pour les clients ayant des besoins sp\u00e9cifiques, nous recommandons de les communiquer \u00e0 la r\u00e9ception d\u00e8s votre arriv\u00e9e. Notre personnel pr\u00e9parera des recommandations de restaurants personnalis\u00e9es et pourra m\u00eame contacter les \u00e9tablissements \u00e0 l&#039;avance pour confirmer leur disponibilit\u00e9, vous assurant ainsi une exp\u00e9rience culinaire sereine.<\/span><\/div><div class=\"qwen-markdown-space\">\u00a0<\/div><h2 class=\"qwen-markdown-heading\"><span class=\"qwen-markdown-text\">Cours de cuisine et visites gastronomiques<\/span><\/h2><div class=\"qwen-markdown-paragraph\"><span class=\"qwen-markdown-text\">Pour les clients d\u00e9sireux d&#039;approfondir leurs connaissances de la cuisine vietnamienne, l&#039;h\u00f4tel PureJoy Saigon peut organiser des cours de cuisine et des visites gastronomiques \u00e0 travers H\u00f4 Chi Minh-Ville. Ces exp\u00e9riences permettent aux visiteurs de d\u00e9couvrir les ingr\u00e9dients locaux, les techniques culinaires traditionnelles et la signification culturelle de diff\u00e9rents plats, tout en acqu\u00e9rant des comp\u00e9tences qu&#039;ils pourront reproduire chez eux.<\/span><\/div><div class=\"qwen-markdown-space\">\u00a0<\/div><div class=\"qwen-markdown-paragraph\"><span class=\"qwen-markdown-text\">Les visites de march\u00e9s combin\u00e9es \u00e0 des cours de cuisine offrent une exp\u00e9rience immersive o\u00f9 les participants choisissent des ingr\u00e9dients frais aux c\u00f4t\u00e9s de chefs locaux avant de pr\u00e9parer d&#039;authentiques plats vietnamiens. Ces activit\u00e9s sont pris\u00e9es des voyageurs en qu\u00eate de rencontres culturelles enrichissantes et d&#039;exp\u00e9riences m\u00e9morables, loin des circuits touristiques classiques.<\/span><\/div><div class=\"qwen-markdown-space\">\u00a0<\/div><h2 class=\"qwen-markdown-heading\"><span class=\"qwen-markdown-text\">Pourquoi les restaurants \u00e0 proximit\u00e9 de l&#039;h\u00f4tel PureJoy Saigon se distinguent<\/span><\/h2><div class=\"qwen-markdown-paragraph\"><span class=\"qwen-markdown-text\">L&#039;offre culinaire propos\u00e9e aux clients du PureJoy Hotel Saigon distingue notre \u00e9tablissement des autres h\u00e9bergements d&#039;H\u00f4-Chi-Minh-Ville. Notre emplacement privil\u00e9gi\u00e9 offre un acc\u00e8s incomparable \u00e0 une grande vari\u00e9t\u00e9 de restaurants, des stands de cuisine de rue aux tables gastronomiques, tous accessibles \u00e0 pied ou en quelques minutes de transport. La concentration de restaurants de qualit\u00e9 dans notre quartier permet \u00e0 nos clients de consacrer moins de temps \u00e0 la recherche d&#039;un restaurant et plus de temps \u00e0 savourer une cuisine d&#039;exception en bonne compagnie.<\/span><\/div><div class=\"qwen-markdown-space\">\u00a0<\/div><div class=\"qwen-markdown-paragraph\"><span class=\"qwen-markdown-text\">Notre personnel comp\u00e9tent vous guide \u00e0 travers la gastronomie locale, partageant ses bons plans pour vous aider \u00e0 d\u00e9couvrir des adresses confidentielles et \u00e0 \u00e9viter les pi\u00e8ges \u00e0 touristes. Gr\u00e2ce \u00e0 cette approche personnalis\u00e9e, chaque repas devient un moment privil\u00e9gi\u00e9 de votre s\u00e9jour \u00e0 H\u00f4 Chi Minh-Ville, et non une simple obligation.<\/span><\/div><div class=\"qwen-markdown-space\">\u00a0<\/div><h2 class=\"qwen-markdown-heading\"><span class=\"qwen-markdown-text\">Cr\u00e9ez votre histoire culinaire \u00e0 l&#039;h\u00f4tel PureJoy de Saigon<\/span><\/h2><div class=\"qwen-markdown-paragraph\"><span class=\"qwen-markdown-text\">Chaque repas pris au PureJoy Hotel Saigon a le potentiel de devenir un souvenir pr\u00e9cieux. Du rituel du caf\u00e9 matinal aux aventures culinaires nocturnes dans la rue, le paysage gastronomique qui entoure notre h\u00f4tel offre d&#039;innombrables occasions de d\u00e9couvertes et de plaisirs. Nous vous invitons \u00e0 savourer les saveurs du Vietnam, \u00e0 explorer la diversit\u00e9 des restaurants de notre quartier et \u00e0 laisser vos papilles vous guider \u00e0 travers le riche patrimoine culinaire d&#039;H\u00f4 Chi Minh-Ville.<\/span><\/div><div class=\"qwen-markdown-space\">\u00a0<\/div><div class=\"qwen-markdown-paragraph\" data-spm-anchor-id=\"a2ty_o01.29997173.0.i17.45645171DftUqi\"><span class=\"qwen-markdown-text\">R\u00e9servez votre s\u00e9jour au PureJoy Hotel Saigon et d\u00e9couvrez pourquoi nos clients consid\u00e8rent r\u00e9guli\u00e8rement les restaurants de notre quartier comme un moment fort de leur voyage au Vietnam. Que vous recherchiez des saveurs locales authentiques, des plats r\u00e9confortants du monde entier ou un d\u00eener raffin\u00e9 pour une occasion sp\u00e9ciale, le PureJoy Hotel Saigon est le point de d\u00e9part id\u00e9al pour vos aventures culinaires dans le quartier le plus anim\u00e9 de Saigon.<\/span><\/div>\t\t\t\t\t\t\t\t<\/div>\n\t\t\t\t\t<\/div>\n\t\t\t\t<\/div>\n\t\t\t\t<\/div>","protected":false},"excerpt":{"rendered":"<p>Dining at PureJoy Hotel Saigon \u2013 Your Culinary Gateway to Ho Chi Minh City&#8217;s Flavors Experience Authentic Vietnamese Cuisine and International Flavors at PureJoy Hotel Saigon PureJoy Hotel Saigon, located at 185-187 Nguyen Thai Hoc Street in Ben Thanh Ward, District 1, Ho Chi Minh City, offers guests an exceptional culinary journey that begins at [&hellip;]<\/p>\n","protected":false},"author":1,"featured_media":0,"parent":0,"menu_order":0,"comment_status":"closed","ping_status":"closed","template":"elementor_header_footer","meta":{"footnotes":""},"class_list":["post-612","page","type-page","status-publish","hentry","post-no-thumbnail"],"_links":{"self":[{"href":"https:\/\/purejoyhotelsaigon.com\/fr\/wp-json\/wp\/v2\/pages\/612","targetHints":{"allow":["GET"]}}],"collection":[{"href":"https:\/\/purejoyhotelsaigon.com\/fr\/wp-json\/wp\/v2\/pages"}],"about":[{"href":"https:\/\/purejoyhotelsaigon.com\/fr\/wp-json\/wp\/v2\/types\/page"}],"author":[{"embeddable":true,"href":"https:\/\/purejoyhotelsaigon.com\/fr\/wp-json\/wp\/v2\/users\/1"}],"replies":[{"embeddable":true,"href":"https:\/\/purejoyhotelsaigon.com\/fr\/wp-json\/wp\/v2\/comments?post=612"}],"version-history":[{"count":3,"href":"https:\/\/purejoyhotelsaigon.com\/fr\/wp-json\/wp\/v2\/pages\/612\/revisions"}],"predecessor-version":[{"id":5726,"href":"https:\/\/purejoyhotelsaigon.com\/fr\/wp-json\/wp\/v2\/pages\/612\/revisions\/5726"}],"wp:attachment":[{"href":"https:\/\/purejoyhotelsaigon.com\/fr\/wp-json\/wp\/v2\/media?parent=612"}],"curies":[{"name":"wp","href":"https:\/\/api.w.org\/{rel}","templated":true}]}}