{"id":5266,"date":"2021-07-18T08:03:35","date_gmt":"2021-07-18T08:03:35","guid":{"rendered":"https:\/\/nuss.uxper.co\/luxury-resort\/?page_id=5266"},"modified":"2026-03-27T07:17:43","modified_gmt":"2026-03-27T07:17:43","slug":"a-propos-de-nous","status":"publish","type":"page","link":"https:\/\/purejoyhotelsaigon.com\/fr\/about-us\/","title":{"rendered":"\u00c0 propos de nous"},"content":{"rendered":"<div data-elementor-type=\"wp-page\" data-elementor-id=\"5266\" class=\"elementor elementor-5266\">\n\t\t\t\t\t\t<section class=\"elementor-section elementor-top-section elementor-element elementor-element-10416953 elementor-section-boxed elementor-section-gap-beside-yes elementor-section-height-default elementor-section-height-default elementor-section-column-vertical-align-stretch\" data-id=\"10416953\" data-element_type=\"section\" data-e-type=\"section\">\n\t\t\t\t\t\t<div class=\"elementor-container elementor-column-gap-extended\">\n\t\t\t\t\t<div class=\"elementor-column elementor-col-100 elementor-top-column elementor-element elementor-element-29c6aa8\" data-id=\"29c6aa8\" data-element_type=\"column\" data-e-type=\"column\">\n\t\t\t<div class=\"elementor-widget-wrap elementor-element-populated\">\n\t\t\t\t\t\t<div class=\"elementor-element elementor-element-7be18fe7 elementor-widget__width-initial elementor-invisible elementor-widget elementor-widget-text-editor\" data-id=\"7be18fe7\" data-element_type=\"widget\" data-e-type=\"widget\" data-settings=\"{&quot;_animation&quot;:&quot;nussFadeInUp&quot;}\" data-widget_type=\"text-editor.default\">\n\t\t\t\t\t\t\t\t\t<p class=\"qwen-markdown-heading\"><span class=\"qwen-markdown-text\" data-spm-anchor-id=\"a2ty_o01.29997173.0.i48.45645171DftUqi\">H\u00f4tel PureJoy Saigon \u2013 Votre porte d&#039;entr\u00e9e au c\u0153ur d&#039;H\u00f4-Chi-Minh-Ville<\/span><\/p>\t\t\t\t\t\t\t\t<\/div>\n\t\t\t\t\t<\/div>\n\t\t<\/div>\n\t\t\t\t\t<\/div>\n\t\t<\/section>\n\t\t\t\t<section class=\"elementor-section elementor-top-section elementor-element elementor-element-7d18327f elementor-section-boxed elementor-section-gap-beside-yes elementor-section-height-default elementor-section-height-default elementor-section-column-vertical-align-stretch\" data-id=\"7d18327f\" data-element_type=\"section\" data-e-type=\"section\">\n\t\t\t\t\t\t<div class=\"elementor-container elementor-column-gap-extended\">\n\t\t\t\t\t<div class=\"elementor-column elementor-col-50 elementor-top-column elementor-element elementor-element-56533670\" data-id=\"56533670\" data-element_type=\"column\" data-e-type=\"column\">\n\t\t\t<div class=\"elementor-widget-wrap elementor-element-populated\">\n\t\t\t\t\t\t<div class=\"elementor-element elementor-element-19c3f543 elementor-invisible elementor-widget elementor-widget-text-editor\" data-id=\"19c3f543\" data-element_type=\"widget\" data-e-type=\"widget\" data-settings=\"{&quot;_animation&quot;:&quot;nussFadeInUp&quot;}\" data-widget_type=\"text-editor.default\">\n\t\t\t\t\t\t\t\t\t<p><span class=\"qwen-markdown-text\">Nich\u00e9 au c\u0153ur du quartier anim\u00e9 de Saigon (District 1), le PureJoy Hotel Saigon offre une oasis de tranquillit\u00e9 urbaine au 185-187 rue Nguyen Thai Hoc, dans le quartier Ben Thanh \u00e0 H\u00f4 Chi Minh-Ville. Cet h\u00f4tel-boutique au design soign\u00e9 propose aux voyageurs une exp\u00e9rience vietnamienne authentique alli\u00e9e \u00e0 un confort moderne, ce qui en fait un choix id\u00e9al pour les touristes comme pour les voyageurs d&#039;affaires en qu\u00eate de praticit\u00e9 sans compromis.<\/span><\/p>\t\t\t\t\t\t\t\t<\/div>\n\t\t\t\t\t<\/div>\n\t\t<\/div>\n\t\t\t\t<div class=\"elementor-column elementor-col-50 elementor-top-column elementor-element elementor-element-30f14127\" data-id=\"30f14127\" data-element_type=\"column\" data-e-type=\"column\">\n\t\t\t<div class=\"elementor-widget-wrap elementor-element-populated\">\n\t\t\t\t\t\t<div class=\"elementor-element elementor-element-350da02e elementor-invisible nuss-elementor-loading nuss-slide-in-left elementor-widget elementor-widget-image\" data-id=\"350da02e\" data-element_type=\"widget\" data-e-type=\"widget\" data-settings=\"{&quot;_animation&quot;:&quot;nussSlideInLeft&quot;}\" data-widget_type=\"image.default\">\n\t\t\t\t\t\t\t\t\t\t\t\t\t\t\t<img fetchpriority=\"high\" decoding=\"async\" width=\"1024\" height=\"1436\" src=\"https:\/\/purejoyhotelsaigon.com\/wp-content\/uploads\/2026\/03\/PureJoy-Hotel-Saigon-Agoda-15.jpg\" class=\"attachment-full size-full wp-image-5678\" alt=\"\" srcset=\"https:\/\/purejoyhotelsaigon.com\/wp-content\/uploads\/2026\/03\/PureJoy-Hotel-Saigon-Agoda-15.jpg 1024w, https:\/\/purejoyhotelsaigon.com\/wp-content\/uploads\/2026\/03\/PureJoy-Hotel-Saigon-Agoda-15-214x300.jpg 214w, https:\/\/purejoyhotelsaigon.com\/wp-content\/uploads\/2026\/03\/PureJoy-Hotel-Saigon-Agoda-15-730x1024.jpg 730w, https:\/\/purejoyhotelsaigon.com\/wp-content\/uploads\/2026\/03\/PureJoy-Hotel-Saigon-Agoda-15-768x1077.jpg 768w\" sizes=\"(max-width: 1024px) 100vw, 1024px\" \/>\t\t\t\t\t\t\t\t\t\t\t\t\t\t\t<\/div>\n\t\t\t\t\t<\/div>\n\t\t<\/div>\n\t\t\t\t\t<\/div>\n\t\t<\/section>\n\t\t\t\t<section class=\"elementor-section elementor-top-section elementor-element elementor-element-29fb8578 elementor-section-height-min-height elementor-section-stretched elementor-section-full_width elementor-section-items-stretch elementor-section-height-default elementor-section-column-vertical-align-stretch\" data-id=\"29fb8578\" data-element_type=\"section\" data-e-type=\"section\" data-settings=\"{&quot;stretch_section&quot;:&quot;section-stretched&quot;}\">\n\t\t\t\t\t\t<div class=\"elementor-container elementor-column-gap-no\">\n\t\t\t\t\t<div class=\"elementor-column elementor-col-50 elementor-top-column elementor-element elementor-element-40ac270b\" data-id=\"40ac270b\" data-element_type=\"column\" data-e-type=\"column\">\n\t\t\t<div class=\"elementor-widget-wrap elementor-element-populated\">\n\t\t\t\t\t\t<div class=\"elementor-element elementor-element-20872773 elementor-widget__width-initial elementor-widget-mobile__width-inherit elementor-invisible nuss-elementor-loading nuss-slide-in-right elementor-widget elementor-widget-image\" data-id=\"20872773\" data-element_type=\"widget\" data-e-type=\"widget\" data-settings=\"{&quot;_animation&quot;:&quot;nussSlideInRight&quot;}\" data-widget_type=\"image.default\">\n\t\t\t\t\t\t\t\t\t\t\t\t\t\t\t<img decoding=\"async\" width=\"1024\" height=\"737\" src=\"https:\/\/purejoyhotelsaigon.com\/wp-content\/uploads\/2026\/03\/PureJoy-Hotel-Saigon-Agoda-18.jpg\" class=\"attachment-full size-full wp-image-5683\" alt=\"\" srcset=\"https:\/\/purejoyhotelsaigon.com\/wp-content\/uploads\/2026\/03\/PureJoy-Hotel-Saigon-Agoda-18.jpg 1024w, https:\/\/purejoyhotelsaigon.com\/wp-content\/uploads\/2026\/03\/PureJoy-Hotel-Saigon-Agoda-18-300x216.jpg 300w, https:\/\/purejoyhotelsaigon.com\/wp-content\/uploads\/2026\/03\/PureJoy-Hotel-Saigon-Agoda-18-768x553.jpg 768w\" sizes=\"(max-width: 1024px) 100vw, 1024px\" \/>\t\t\t\t\t\t\t\t\t\t\t\t\t\t\t<\/div>\n\t\t\t\t\t<\/div>\n\t\t<\/div>\n\t\t\t\t<div class=\"elementor-column elementor-col-50 elementor-top-column elementor-element elementor-element-2dac103\" data-id=\"2dac103\" data-element_type=\"column\" data-e-type=\"column\">\n\t\t\t<div class=\"elementor-widget-wrap elementor-element-populated\">\n\t\t\t\t\t\t<div class=\"elementor-element elementor-element-6f1b8966 elementor-invisible elementor-widget elementor-widget-text-editor\" data-id=\"6f1b8966\" data-element_type=\"widget\" data-e-type=\"widget\" data-settings=\"{&quot;_animation&quot;:&quot;nussFadeInUp&quot;}\" data-widget_type=\"text-editor.default\">\n\t\t\t\t\t\t\t\t\t<h2 class=\"qwen-markdown-heading\"><span class=\"qwen-markdown-text\" data-spm-anchor-id=\"a2ty_o01.29997173.0.i49.45645171DftUqi\">Emplacement de choix dans le quartier le plus dynamique de Saigon<\/span><\/h2><div class=\"qwen-markdown-paragraph\"><span class=\"qwen-markdown-text\">L&#039;h\u00f4tel PureJoy Saigon b\u00e9n\u00e9ficie d&#039;une des adresses les plus prestigieuses d&#039;H\u00f4-Chi-Minh-Ville. \u00c0 seulement huit minutes \u00e0 pied, vous rejoindrez l&#039;embl\u00e9matique march\u00e9 Ben Thanh, o\u00f9 culture locale, gastronomie de rue et boutiques se m\u00ealent dans une explosion de couleurs et de sons. Les c\u00e9l\u00e8bres rues pi\u00e9tonnes Bui Vien et Pham Ngu Lao, r\u00e9put\u00e9es pour leur vie nocturne anim\u00e9e et leurs restaurants internationaux, sont \u00e9galement accessibles \u00e0 pied. Les amateurs d&#039;art pourront se rendre au Mus\u00e9e des Beaux-Arts en seulement sept minutes, tandis que les adeptes du shopping pourront rejoindre Takashimaya Vietnam et le centre commercial Vincom Center en moins de dix minutes \u00e0 pied. Gr\u00e2ce \u00e0 sa proximit\u00e9 avec les stations de m\u00e9tro et de train, l&#039;h\u00f4tel se d\u00e9place facilement dans toute la ville. Enfin, la place Saigon et la rue Dong Khoi restent facilement accessibles pour ceux qui souhaitent d\u00e9couvrir l&#039;architecture coloniale et les boutiques de luxe de Saigon.<\/span><\/div>\t\t\t\t\t\t\t\t<\/div>\n\t\t\t\t\t<\/div>\n\t\t<\/div>\n\t\t\t\t\t<\/div>\n\t\t<\/section>\n\t\t\t\t<section class=\"elementor-section elementor-top-section elementor-element elementor-element-de63c7e elementor-section-height-min-height elementor-section-stretched elementor-section-full_width elementor-section-items-stretch elementor-section-height-default elementor-section-column-vertical-align-stretch\" data-id=\"de63c7e\" data-element_type=\"section\" data-e-type=\"section\" data-settings=\"{&quot;stretch_section&quot;:&quot;section-stretched&quot;}\">\n\t\t\t\t\t\t<div class=\"elementor-container elementor-column-gap-no\">\n\t\t\t\t\t<div class=\"elementor-column elementor-col-50 elementor-top-column elementor-element elementor-element-09d55eb\" data-id=\"09d55eb\" data-element_type=\"column\" data-e-type=\"column\">\n\t\t\t<div class=\"elementor-widget-wrap elementor-element-populated\">\n\t\t\t\t\t\t<div class=\"elementor-element elementor-element-7637409 elementor-invisible elementor-widget elementor-widget-text-editor\" data-id=\"7637409\" data-element_type=\"widget\" data-e-type=\"widget\" data-settings=\"{&quot;_animation&quot;:&quot;nussFadeInUp&quot;}\" data-widget_type=\"text-editor.default\">\n\t\t\t\t\t\t\t\t\t<h2 class=\"qwen-markdown-heading\"><span class=\"qwen-markdown-text\">Chambres confortables et bien am\u00e9nag\u00e9es<\/span><\/h2><div class=\"qwen-markdown-paragraph\"><span class=\"qwen-markdown-text\">L&#039;h\u00f4tel PureJoy Saigon propose des chambres climatis\u00e9es, pens\u00e9es pour le voyageur moderne. Chaque chambre est \u00e9quip\u00e9e de fen\u00eatres insonoris\u00e9es pour garantir un repos paisible malgr\u00e9 l&#039;effervescence de la ville. Les salles de bains privatives comprennent une douche rafra\u00eechissante, des articles de toilette gratuits, un s\u00e8che-cheveux et des chaussons confortables. Un mini-r\u00e9frig\u00e9rateur est \u00e9galement \u00e0 disposition dans chaque chambre pour garder vos boissons et en-cas au frais. Le Wi-Fi haut d\u00e9bit gratuit dans tout l&#039;\u00e9tablissement vous permet de rester connect\u00e9 pour travailler ou vous divertir, tandis que les chambres non-fumeurs sont disponibles pour les voyageurs soucieux de leur sant\u00e9. Spacieuses et impeccables, ces chambres offrent un havre de paix apr\u00e8s des journ\u00e9es d&#039;exploration et d&#039;aventure dans la plus grande ville du Vietnam.<\/span><\/div>\t\t\t\t\t\t\t\t<\/div>\n\t\t\t\t\t<\/div>\n\t\t<\/div>\n\t\t\t\t<div class=\"elementor-column elementor-col-50 elementor-top-column elementor-element elementor-element-67fb299\" data-id=\"67fb299\" data-element_type=\"column\" data-e-type=\"column\">\n\t\t\t<div class=\"elementor-widget-wrap elementor-element-populated\">\n\t\t\t\t\t\t<div class=\"elementor-element elementor-element-c44d5da elementor-widget__width-initial elementor-widget-mobile__width-inherit elementor-invisible nuss-elementor-loading nuss-slide-in-right elementor-widget elementor-widget-image\" data-id=\"c44d5da\" data-element_type=\"widget\" data-e-type=\"widget\" data-settings=\"{&quot;_animation&quot;:&quot;nussSlideInRight&quot;}\" data-widget_type=\"image.default\">\n\t\t\t\t\t\t\t\t\t\t\t\t\t\t\t<img decoding=\"async\" width=\"1024\" height=\"1024\" src=\"https:\/\/purejoyhotelsaigon.com\/wp-content\/uploads\/2026\/03\/PureJoy-Hotel-Saigon-Agoda-27.jpg\" class=\"attachment-full size-full wp-image-5692\" alt=\"\" srcset=\"https:\/\/purejoyhotelsaigon.com\/wp-content\/uploads\/2026\/03\/PureJoy-Hotel-Saigon-Agoda-27.jpg 1024w, https:\/\/purejoyhotelsaigon.com\/wp-content\/uploads\/2026\/03\/PureJoy-Hotel-Saigon-Agoda-27-300x300.jpg 300w, https:\/\/purejoyhotelsaigon.com\/wp-content\/uploads\/2026\/03\/PureJoy-Hotel-Saigon-Agoda-27-150x150.jpg 150w, https:\/\/purejoyhotelsaigon.com\/wp-content\/uploads\/2026\/03\/PureJoy-Hotel-Saigon-Agoda-27-768x768.jpg 768w\" sizes=\"(max-width: 1024px) 100vw, 1024px\" \/>\t\t\t\t\t\t\t\t\t\t\t\t\t\t\t<\/div>\n\t\t\t\t\t<\/div>\n\t\t<\/div>\n\t\t\t\t\t<\/div>\n\t\t<\/section>\n\t\t\t\t<section class=\"elementor-section elementor-top-section elementor-element elementor-element-1ea7ce7 elementor-section-height-min-height elementor-section-stretched elementor-section-full_width elementor-section-items-stretch elementor-section-height-default elementor-section-column-vertical-align-stretch\" data-id=\"1ea7ce7\" data-element_type=\"section\" data-e-type=\"section\" data-settings=\"{&quot;stretch_section&quot;:&quot;section-stretched&quot;}\">\n\t\t\t\t\t\t<div class=\"elementor-container elementor-column-gap-no\">\n\t\t\t\t\t<div class=\"elementor-column elementor-col-50 elementor-top-column elementor-element elementor-element-5f812fa\" data-id=\"5f812fa\" data-element_type=\"column\" data-e-type=\"column\">\n\t\t\t<div class=\"elementor-widget-wrap elementor-element-populated\">\n\t\t\t\t\t\t<div class=\"elementor-element elementor-element-857367a elementor-widget__width-initial elementor-widget-mobile__width-inherit elementor-invisible nuss-elementor-loading nuss-slide-in-right elementor-widget elementor-widget-image\" data-id=\"857367a\" data-element_type=\"widget\" data-e-type=\"widget\" data-settings=\"{&quot;_animation&quot;:&quot;nussSlideInRight&quot;}\" data-widget_type=\"image.default\">\n\t\t\t\t\t\t\t\t\t\t\t\t\t\t\t<img loading=\"lazy\" decoding=\"async\" width=\"1024\" height=\"1024\" src=\"https:\/\/purejoyhotelsaigon.com\/wp-content\/uploads\/2026\/03\/PureJoy-Hotel-Saigon-Agoda-20.jpg\" class=\"attachment-full size-full wp-image-5685\" alt=\"\" srcset=\"https:\/\/purejoyhotelsaigon.com\/wp-content\/uploads\/2026\/03\/PureJoy-Hotel-Saigon-Agoda-20.jpg 1024w, https:\/\/purejoyhotelsaigon.com\/wp-content\/uploads\/2026\/03\/PureJoy-Hotel-Saigon-Agoda-20-300x300.jpg 300w, https:\/\/purejoyhotelsaigon.com\/wp-content\/uploads\/2026\/03\/PureJoy-Hotel-Saigon-Agoda-20-150x150.jpg 150w, https:\/\/purejoyhotelsaigon.com\/wp-content\/uploads\/2026\/03\/PureJoy-Hotel-Saigon-Agoda-20-768x768.jpg 768w\" sizes=\"(max-width: 1024px) 100vw, 1024px\" \/>\t\t\t\t\t\t\t\t\t\t\t\t\t\t\t<\/div>\n\t\t\t\t\t<\/div>\n\t\t<\/div>\n\t\t\t\t<div class=\"elementor-column elementor-col-50 elementor-top-column elementor-element elementor-element-3ebdc03\" data-id=\"3ebdc03\" data-element_type=\"column\" data-e-type=\"column\">\n\t\t\t<div class=\"elementor-widget-wrap elementor-element-populated\">\n\t\t\t\t\t\t<div class=\"elementor-element elementor-element-dbf462e elementor-invisible elementor-widget elementor-widget-text-editor\" data-id=\"dbf462e\" data-element_type=\"widget\" data-e-type=\"widget\" data-settings=\"{&quot;_animation&quot;:&quot;nussFadeInUp&quot;}\" data-widget_type=\"text-editor.default\">\n\t\t\t\t\t\t\t\t\t<h2 class=\"qwen-markdown-heading\"><span class=\"qwen-markdown-text\">Des services d\u00e9di\u00e9s pour un s\u00e9jour sans encombre<\/span><\/h2><div class=\"qwen-markdown-paragraph\"><span class=\"qwen-markdown-text\">L&#039;\u00e9quipe de r\u00e9ception, ouverte 24h\/24, est \u00e0 votre disposition pour vous assister \u00e0 tout moment, que ce soit pour organiser vos transferts a\u00e9roport, vous conseiller sur les environs ou prendre en charge vos bagages. Le personnel de la r\u00e9ception, r\u00e9put\u00e9 pour son accueil chaleureux et son d\u00e9vouement, met tout en \u0153uvre pour vous garantir un s\u00e9jour inoubliable. Le service de m\u00e9nage quotidien assure la propret\u00e9 impeccable des chambres, tandis que les syst\u00e8mes d&#039;acc\u00e8s s\u00e9curis\u00e9s garantissent la tranquillit\u00e9 d&#039;esprit de tous les visiteurs. Le hall d&#039;accueil offre un espace confortable o\u00f9 vous pourrez vous d\u00e9tendre, organiser vos excursions ou rencontrer d&#039;autres voyageurs du monde entier.<\/span><\/div>\t\t\t\t\t\t\t\t<\/div>\n\t\t\t\t\t<\/div>\n\t\t<\/div>\n\t\t\t\t\t<\/div>\n\t\t<\/section>\n\t\t\t\t<section class=\"elementor-section elementor-top-section elementor-element elementor-element-d444225 elementor-section-height-min-height elementor-section-stretched elementor-section-full_width elementor-section-items-stretch elementor-section-height-default elementor-section-column-vertical-align-stretch\" data-id=\"d444225\" data-element_type=\"section\" data-e-type=\"section\" data-settings=\"{&quot;stretch_section&quot;:&quot;section-stretched&quot;}\">\n\t\t\t\t\t\t<div class=\"elementor-container elementor-column-gap-no\">\n\t\t\t\t\t<div class=\"elementor-column elementor-col-50 elementor-top-column elementor-element elementor-element-ab5058c\" data-id=\"ab5058c\" data-element_type=\"column\" data-e-type=\"column\">\n\t\t\t<div class=\"elementor-widget-wrap elementor-element-populated\">\n\t\t\t\t\t\t<div class=\"elementor-element elementor-element-07f6ce9 elementor-invisible elementor-widget elementor-widget-text-editor\" data-id=\"07f6ce9\" data-element_type=\"widget\" data-e-type=\"widget\" data-settings=\"{&quot;_animation&quot;:&quot;nussFadeInUp&quot;}\" data-widget_type=\"text-editor.default\">\n\t\t\t\t\t\t\t\t\t<h2 class=\"qwen-markdown-heading\"><span class=\"qwen-markdown-text\">D\u00e9couvrez la sc\u00e8ne culinaire de Saigon depuis votre porte<\/span><\/h2><div class=\"qwen-markdown-paragraph\"><span class=\"qwen-markdown-text\">L&#039;h\u00f4tel PureJoy Saigon met l&#039;accent sur le confort de ses chambres, tandis que le quartier environnant regorge de restaurants et de bars. Situ\u00e9 dans un secteur r\u00e9put\u00e9 pour sa gastronomie vari\u00e9e, l&#039;h\u00f4tel propose aussi bien des plats vietnamiens traditionnels comme le pho et le banh mi que des mets internationaux refl\u00e9tant le caract\u00e8re cosmopolite de Saigon. La rue japonaise toute proche offre des saveurs asiatiques authentiques, et le march\u00e9 Ben Thanh permet de go\u00fbter aux sp\u00e9cialit\u00e9s locales de la cuisine de rue. D&#039;innombrables caf\u00e9s, restaurants et march\u00e9s nocturnes accessibles \u00e0 pied font de chaque repas une nouvelle aventure gustative et culturelle.<\/span><\/div>\t\t\t\t\t\t\t\t<\/div>\n\t\t\t\t\t<\/div>\n\t\t<\/div>\n\t\t\t\t<div class=\"elementor-column elementor-col-50 elementor-top-column elementor-element elementor-element-4ff155e\" data-id=\"4ff155e\" data-element_type=\"column\" data-e-type=\"column\">\n\t\t\t<div class=\"elementor-widget-wrap elementor-element-populated\">\n\t\t\t\t\t\t<div class=\"elementor-element elementor-element-4ef65b3 elementor-widget__width-initial elementor-widget-mobile__width-inherit elementor-invisible nuss-elementor-loading nuss-slide-in-right elementor-widget elementor-widget-image\" data-id=\"4ef65b3\" data-element_type=\"widget\" data-e-type=\"widget\" data-settings=\"{&quot;_animation&quot;:&quot;nussSlideInRight&quot;}\" data-widget_type=\"image.default\">\n\t\t\t\t\t\t\t\t\t\t\t\t\t\t\t<img loading=\"lazy\" decoding=\"async\" width=\"853\" height=\"853\" src=\"https:\/\/purejoyhotelsaigon.com\/wp-content\/uploads\/2026\/03\/PureJoy-Hotel-Saigon-18.webp\" class=\"attachment-full size-full wp-image-5605\" alt=\"\" srcset=\"https:\/\/purejoyhotelsaigon.com\/wp-content\/uploads\/2026\/03\/PureJoy-Hotel-Saigon-18.webp 853w, https:\/\/purejoyhotelsaigon.com\/wp-content\/uploads\/2026\/03\/PureJoy-Hotel-Saigon-18-300x300.webp 300w, https:\/\/purejoyhotelsaigon.com\/wp-content\/uploads\/2026\/03\/PureJoy-Hotel-Saigon-18-150x150.webp 150w, https:\/\/purejoyhotelsaigon.com\/wp-content\/uploads\/2026\/03\/PureJoy-Hotel-Saigon-18-768x768.webp 768w\" sizes=\"(max-width: 853px) 100vw, 853px\" \/>\t\t\t\t\t\t\t\t\t\t\t\t\t\t\t<\/div>\n\t\t\t\t\t<\/div>\n\t\t<\/div>\n\t\t\t\t\t<\/div>\n\t\t<\/section>\n\t\t<div class=\"elementor-element elementor-element-a4c67ee e-flex e-con-boxed e-con e-parent\" data-id=\"a4c67ee\" data-element_type=\"container\" data-e-type=\"container\">\n\t\t\t\t\t<div class=\"e-con-inner\">\n\t\t\t\t<div class=\"elementor-element elementor-element-987cf08 elementor-widget elementor-widget-text-editor\" data-id=\"987cf08\" data-element_type=\"widget\" data-e-type=\"widget\" data-widget_type=\"text-editor.default\">\n\t\t\t\t\t\t\t\t\t<h2 class=\"qwen-markdown-heading\"><span class=\"qwen-markdown-text\">Pourquoi choisir l&#039;h\u00f4tel PureJoy Saigon ?<\/span><\/h2><div class=\"qwen-markdown-paragraph\"><span class=\"qwen-markdown-text\">L&#039;h\u00f4tel PureJoy Saigon se distingue par son emplacement central exceptionnel, son service attentionn\u00e9 et son engagement envers le confort de ses clients. Les voyageurs appr\u00e9cient son excellent rapport qualit\u00e9-prix, ses chambres propres, ses \u00e9quipements fiables et son personnel soucieux de leur bien-\u00eatre. Que vous soyez \u00e0 H\u00f4 Chi Minh-Ville pour affaires, d\u00e9couverte culturelle ou simplement pour vous impr\u00e9gner de l&#039;\u00e9nergie de la m\u00e9tropole la plus dynamique du Vietnam, l&#039;h\u00f4tel PureJoy Saigon est le point de d\u00e9part id\u00e9al. Sa proximit\u00e9 avec les principales attractions, les centres commerciaux et les gares permet aux clients de passer moins de temps dans les transports et plus de temps \u00e0 profiter de tout ce que cette ville fascinante a \u00e0 offrir.<\/span><\/div><div class=\"qwen-markdown-space\">\u00a0<\/div><div class=\"qwen-markdown-paragraph\"><span class=\"qwen-markdown-text\">R\u00e9servez votre s\u00e9jour au PureJoy Hotel Saigon et d\u00e9couvrez pourquoi les voyageurs choisissent sans cesse ce joyau du District 1 pour leurs aventures \u00e0 H\u00f4 Chi Minh-Ville. D\u00e8s votre arriv\u00e9e et jusqu&#039;\u00e0 votre d\u00e9part, profitez de la chaleureuse hospitalit\u00e9 vietnamienne dans un cadre qui allie \u00e0 la perfection l&#039;effervescence urbaine et le confort d&#039;un havre de paix.<\/span><\/div>\t\t\t\t\t\t\t\t<\/div>\n\t\t\t\t\t<\/div>\n\t\t\t\t<\/div>\n\t\t\t\t<\/div>","protected":false},"excerpt":{"rendered":"<p>PureJoy Hotel Saigon \u2013 Your Gateway to the Heart of Ho Chi Minh City Nestled in the vibrant core of District 1, PureJoy Hotel Saigon stands as a welcoming urban retreat at 185-187 Nguyen Thai Hoc Street, Ben Thanh Ward, Ho Chi Minh City. This thoughtfully designed boutique hotel offers travelers an authentic Vietnamese experience [&hellip;]<\/p>\n","protected":false},"author":1,"featured_media":0,"parent":0,"menu_order":0,"comment_status":"closed","ping_status":"closed","template":"","meta":{"footnotes":""},"class_list":["post-5266","page","type-page","status-publish","hentry","post-no-thumbnail"],"_links":{"self":[{"href":"https:\/\/purejoyhotelsaigon.com\/fr\/wp-json\/wp\/v2\/pages\/5266","targetHints":{"allow":["GET"]}}],"collection":[{"href":"https:\/\/purejoyhotelsaigon.com\/fr\/wp-json\/wp\/v2\/pages"}],"about":[{"href":"https:\/\/purejoyhotelsaigon.com\/fr\/wp-json\/wp\/v2\/types\/page"}],"author":[{"embeddable":true,"href":"https:\/\/purejoyhotelsaigon.com\/fr\/wp-json\/wp\/v2\/users\/1"}],"replies":[{"embeddable":true,"href":"https:\/\/purejoyhotelsaigon.com\/fr\/wp-json\/wp\/v2\/comments?post=5266"}],"version-history":[{"count":6,"href":"https:\/\/purejoyhotelsaigon.com\/fr\/wp-json\/wp\/v2\/pages\/5266\/revisions"}],"predecessor-version":[{"id":5753,"href":"https:\/\/purejoyhotelsaigon.com\/fr\/wp-json\/wp\/v2\/pages\/5266\/revisions\/5753"}],"wp:attachment":[{"href":"https:\/\/purejoyhotelsaigon.com\/fr\/wp-json\/wp\/v2\/media?parent=5266"}],"curies":[{"name":"wp","href":"https:\/\/api.w.org\/{rel}","templated":true}]}}