{"id":612,"date":"2021-03-26T10:04:13","date_gmt":"2021-03-26T10:04:13","guid":{"rendered":"http:\/\/localhost\/nuss\/?page_id=612"},"modified":"2026-03-27T06:43:55","modified_gmt":"2026-03-27T06:43:55","slug":"restaurante","status":"publish","type":"page","link":"https:\/\/purejoyhotelsaigon.com\/es\/restaurant\/","title":{"rendered":"Restaurante"},"content":{"rendered":"<div data-elementor-type=\"wp-page\" data-elementor-id=\"612\" class=\"elementor elementor-612\">\n\t\t\t\t\t\t<section class=\"elementor-section elementor-top-section elementor-element elementor-element-e2effe8 elementor-section-boxed elementor-section-gap-beside-yes elementor-section-height-default elementor-section-height-default elementor-section-column-vertical-align-stretch\" data-id=\"e2effe8\" data-element_type=\"section\" data-e-type=\"section\">\n\t\t\t\t\t\t<div class=\"elementor-container elementor-column-gap-extended\">\n\t\t\t\t\t<div class=\"elementor-column elementor-col-100 elementor-top-column elementor-element elementor-element-e18f688\" data-id=\"e18f688\" data-element_type=\"column\" data-e-type=\"column\">\n\t\t\t<div class=\"elementor-widget-wrap elementor-element-populated\">\n\t\t\t\t\t\t<div class=\"elementor-element elementor-element-6db146d elementor-widget__width-initial elementor-invisible elementor-widget elementor-widget-text-editor\" data-id=\"6db146d\" data-element_type=\"widget\" data-e-type=\"widget\" data-settings=\"{&quot;_animation&quot;:&quot;nussFadeInUp&quot;}\" data-widget_type=\"text-editor.default\">\n\t\t\t\t\t\t\t\t\tCenar en el PureJoy Hotel Saigon: su puerta de entrada culinaria a los sabores de Ciudad Ho Chi Minh.\t\t\t\t\t\t\t\t<\/div>\n\t\t\t\t\t<\/div>\n\t\t<\/div>\n\t\t\t\t\t<\/div>\n\t\t<\/section>\n\t\t<div class=\"elementor-element elementor-element-0e35f94 e-flex e-con-boxed e-con e-parent\" data-id=\"0e35f94\" data-element_type=\"container\" data-e-type=\"container\">\n\t\t\t\t\t<div class=\"e-con-inner\">\n\t\t\t\t<div class=\"elementor-element elementor-element-6058fa8 elementor-widget elementor-widget-text-editor\" data-id=\"6058fa8\" data-element_type=\"widget\" data-e-type=\"widget\" data-widget_type=\"text-editor.default\">\n\t\t\t\t\t\t\t\t\t<h2 class=\"qwen-markdown-heading\"><span class=\"qwen-markdown-text\">Disfrute de la aut\u00e9ntica cocina vietnamita y los sabores internacionales en el PureJoy Hotel Saigon.<\/span><\/h2><div class=\"qwen-markdown-paragraph\"><span class=\"qwen-markdown-text\">El PureJoy Hotel Saigon, ubicado en la calle Nguyen Thai Hoc 185-187, en el barrio Ben Thanh, Distrito 1, Ciudad Ho Chi Minh, ofrece a sus hu\u00e9spedes una experiencia culinaria excepcional que comienza en la puerta de su habitaci\u00f3n. Si bien nuestro hotel boutique se centra en brindar un servicio de habitaciones confortable, nos enorgullece conectar a nuestros hu\u00e9spedes con la extraordinaria oferta gastron\u00f3mica que rodea nuestras instalaciones, convirtiendo cada comida en una aventura de sabor y cultura.<\/span><\/div><div class=\"qwen-markdown-space\">\u00a0<\/div><h2 class=\"qwen-markdown-heading\"><span class=\"qwen-markdown-text\">Servicios de desayuno para empezar bien el d\u00eda.<\/span><\/h2><div class=\"qwen-markdown-paragraph\"><span class=\"qwen-markdown-text\">Comience cada ma\u00f1ana en el PureJoy Hotel Saigon con un desayuno cuidadosamente preparado, dise\u00f1ado para darle la energ\u00eda necesaria para explorar o reunirse con amigos en Ciudad Ho Chi Minh. Seg\u00fan su paquete de reserva, podr\u00e1 disfrutar de un desayuno gratuito con una selecci\u00f3n de platos vietnamitas e internacionales. Desde el tradicional pho y banh mi hasta opciones continentales como pan reci\u00e9n hecho, frutas, caf\u00e9 y huevos, nuestro servicio de desayuno le garantiza un comienzo de d\u00eda con sabores deliciosos que reflejan la rica gastronom\u00eda de Vietnam.<\/span><\/div><div class=\"qwen-markdown-space\">\u00a0<\/div><div class=\"qwen-markdown-paragraph\"><span class=\"qwen-markdown-text\">Nuestros desayunos se preparan con esmero, prestando especial atenci\u00f3n a la calidad y la frescura, y utilizando ingredientes de proveedores locales siempre que sea posible. El desayuno ofrece un ambiente relajado donde los hu\u00e9spedes pueden planificar sus actividades diarias, conectar con otros viajeros o simplemente disfrutar de un momento de tranquilidad antes de adentrarse en las bulliciosas calles del Distrito 1.<\/span><\/div><div class=\"qwen-markdown-space\">\u00a0<\/div><h2 class=\"qwen-markdown-heading\"><span class=\"qwen-markdown-text\">Comodidad y conveniencia para disfrutar del servicio de comidas en la habitaci\u00f3n.<\/span><\/h2><div class=\"qwen-markdown-paragraph\"><span class=\"qwen-markdown-text\">En PureJoy Hotel Saigon entendemos que los viajeros modernos valoran la flexibilidad y la comodidad a la hora de comer. Nuestras habitaciones est\u00e1n equipadas con minineveras y minibar, para que tenga bebidas, aperitivos y comidas ligeras a mano durante toda su estancia. Esta comodidad es especialmente apreciada por los viajeros de negocios que trabajan hasta tarde, las familias con ni\u00f1os peque\u00f1os o quienes prefieren comer a su propio ritmo.<\/span><\/div><div class=\"qwen-markdown-space\">\u00a0<\/div><div class=\"qwen-markdown-paragraph\"><span class=\"qwen-markdown-text\">El equipo de recepci\u00f3n del hotel, disponible las 24 horas, puede ayudarle a organizar el servicio de entrega de comida de restaurantes cercanos, proporcion\u00e1ndole men\u00fas y recomendaciones de platos locales que podr\u00e1 disfrutar en la comodidad de su habitaci\u00f3n. Este servicio permite a los hu\u00e9spedes experimentar la renombrada gastronom\u00eda de Saig\u00f3n sin salir de la privacidad de su alojamiento.<\/span><\/div><div class=\"qwen-markdown-space\">\u00a0<\/div><h2 class=\"qwen-markdown-heading\"><span class=\"qwen-markdown-text\">La escena gastron\u00f3mica del barrio: tu restaurante de referencia.<\/span><\/h2><div class=\"qwen-markdown-paragraph\"><span class=\"qwen-markdown-text\">Uno de los mayores atractivos culinarios del PureJoy Hotel Saigon es su excelente ubicaci\u00f3n en la calle Nguyen Thai Hoc, una zona conocida cari\u00f1osamente como la &quot;Calle Japonesa&quot; tanto por los lugare\u00f1os como por los expatriados. Este vibrante barrio ofrece una concentraci\u00f3n inigualable de opciones gastron\u00f3micas que complementan a la perfecci\u00f3n la oferta culinaria de nuestro hotel.<\/span><\/div><div class=\"qwen-markdown-space\">\u00a0<\/div><div class=\"qwen-markdown-paragraph\"><span class=\"qwen-markdown-text\">A pocos pasos de la entrada del hotel, los hu\u00e9spedes pueden explorar aut\u00e9nticos restaurantes japoneses que sirven sushi fresco, ramen y teppanyaki. Los amantes de la cocina vietnamita encontrar\u00e1n innumerables opciones de platos tradicionales como pho, bun cha, com tam y rollitos de primavera frescos, preparados por expertos chefs locales. Las calles aleda\u00f1as tambi\u00e9n ofrecen gastronom\u00eda internacional con influencias tailandesas, coreanas, chinas, francesas, italianas y estadounidenses, reflejando el car\u00e1cter cosmopolita de Ciudad Ho Chi Minh.<\/span><\/div><div class=\"qwen-markdown-space\">\u00a0<\/div><h2 class=\"qwen-markdown-heading\"><span class=\"qwen-markdown-text\">Cultura del caf\u00e9 y experiencias cafeteras<\/span><\/h2><div class=\"qwen-markdown-paragraph\"><span class=\"qwen-markdown-text\">Ninguna visita a Vietnam est\u00e1 completa sin experimentar la renombrada cultura del caf\u00e9 del pa\u00eds, y los hu\u00e9spedes del PureJoy Hotel Saigon est\u00e1n en una ubicaci\u00f3n ideal para explorar este aspecto esencial de la vida local. El barrio que rodea el hotel cuenta con numerosas cafeter\u00edas que sirven el tradicional c\u00e0 ph\u00ea s\u1eefa \u0111\u00e1 vietnamita (caf\u00e9 helado con leche condensada), caf\u00e9 con huevo y modernas preparaciones de caf\u00e9 de especialidad.<\/span><\/div><div class=\"qwen-markdown-space\">\u00a0<\/div><div class=\"qwen-markdown-paragraph\"><span class=\"qwen-markdown-text\">El ritual matutino del caf\u00e9 se convertir\u00e1 en uno de los momentos m\u00e1s especiales de su estancia al descubrir las cafeter\u00edas locales donde los residentes se re\u00fanen para socializar, trabajar y disfrutar del ritmo pausado de la cultura cafetera vietnamita. Nuestro equipo de recepci\u00f3n estar\u00e1 encantado de recomendarle cafeter\u00edas cercanas que ofrecen experiencias aut\u00e9nticas, lejos de las trampas para turistas, permiti\u00e9ndole conectar con las tradiciones y los sabores locales.<\/span><\/div><div class=\"qwen-markdown-space\">\u00a0<\/div><h2 class=\"qwen-markdown-heading\"><span class=\"qwen-markdown-text\">Aventuras gastron\u00f3micas callejeras cerca del Hotel PureJoy Saig\u00f3n<\/span><\/h2><div class=\"qwen-markdown-paragraph\"><span class=\"qwen-markdown-text\">Para los paladares m\u00e1s aventureros, las calles que rodean el PureJoy Hotel Saigon ofrecen incre\u00edbles oportunidades para degustar aut\u00e9ntica comida callejera vietnamita. El mercado Ben Thanh, a solo unos minutos a pie, alberga una gran variedad de puestos de comida con especialidades locales a precios asequibles. Los mercados nocturnos y las calles peatonales cerca de Bui Vien y Pham Ngu Lao ofrecen a\u00fan m\u00e1s posibilidades para probar carnes a la parrilla, mariscos frescos, frutas tropicales y postres tradicionales.<\/span><\/div><div class=\"qwen-markdown-space\">\u00a0<\/div><div class=\"qwen-markdown-paragraph\"><span class=\"qwen-markdown-text\">Nuestro personal puede brindar orientaci\u00f3n sobre c\u00f3mo disfrutar de la comida callejera de forma segura, incluyendo recomendaciones de vendedores con alta rotaci\u00f3n y buenas pr\u00e1cticas de higiene. Creemos que la comida callejera es una parte esencial para comprender la cultura vietnamita y animamos a nuestros visitantes a vivir estas aut\u00e9nticas aventuras culinarias con confianza.<\/span><\/div><div class=\"qwen-markdown-space\">\u00a0<\/div><h2 class=\"qwen-markdown-heading\"><span class=\"qwen-markdown-text\">Restaurantes de alta cocina y para ocasiones especiales<\/span><\/h2><div class=\"qwen-markdown-paragraph\"><span class=\"qwen-markdown-text\">La c\u00e9ntrica ubicaci\u00f3n del PureJoy Hotel Saigon en el Distrito 1 tambi\u00e9n ofrece f\u00e1cil acceso a restaurantes de lujo, ideales para ocasiones especiales, cenas de negocios o veladas rom\u00e1nticas. A poca distancia a pie o en taxi, los hu\u00e9spedes pueden llegar a restaurantes en azoteas con vistas panor\u00e1micas de la ciudad, elegantes establecimientos de fusi\u00f3n franco-vietnamita y restaurantes internacionales de alta cocina reconocidos por la cr\u00edtica gastron\u00f3mica y las publicaciones de viajes.<\/span><\/div><div class=\"qwen-markdown-space\">\u00a0<\/div><div class=\"qwen-markdown-paragraph\"><span class=\"qwen-markdown-text\">Nuestro equipo de conserjer\u00eda puede ayudarle con las reservas en restaurantes, proporcionarle informaci\u00f3n sobre el c\u00f3digo de vestimenta y organizar el transporte para que sus experiencias gastron\u00f3micas especiales se desarrollen sin contratiempos. Entendemos que las comidas memorables suelen ser uno de los momentos m\u00e1s destacados de un viaje, y nos enorgullece ayudar a nuestros hu\u00e9spedes a descubrir restaurantes que se ajusten a sus preferencias y a la ocasi\u00f3n.<\/span><\/div><div class=\"qwen-markdown-space\">\u00a0<\/div><h2 class=\"qwen-markdown-heading\"><span class=\"qwen-markdown-text\">Requisitos diet\u00e9ticos y peticiones especiales<\/span><\/h2><div class=\"qwen-markdown-paragraph\"><span class=\"qwen-markdown-text\">El PureJoy Hotel Saigon se compromete a atender las necesidades y preferencias diet\u00e9ticas espec\u00edficas de sus hu\u00e9spedes. Si necesita opciones vegetarianas, veganas, halal, sin gluten o para personas con alergias, nuestro personal puede recomendarle restaurantes cercanos que se adapten a estos requisitos. La variada oferta gastron\u00f3mica del Distrito 1 garantiza que los hu\u00e9spedes con diferentes restricciones diet\u00e9ticas encuentren opciones satisfactorias sin sacrificar el sabor ni la calidad.<\/span><\/div><div class=\"qwen-markdown-space\">\u00a0<\/div><div class=\"qwen-markdown-paragraph\"><span class=\"qwen-markdown-text\">Para los hu\u00e9spedes con necesidades espec\u00edficas, recomendamos comunicar sus requisitos al personal de recepci\u00f3n a su llegada. Nuestro equipo elaborar\u00e1 recomendaciones gastron\u00f3micas personalizadas e incluso puede contactar con los restaurantes con antelaci\u00f3n para confirmar que pueden satisfacer sus necesidades, garantizando as\u00ed su tranquilidad durante sus experiencias culinarias.<\/span><\/div><div class=\"qwen-markdown-space\">\u00a0<\/div><h2 class=\"qwen-markdown-heading\"><span class=\"qwen-markdown-text\">Clases de cocina y recorridos gastron\u00f3micos<\/span><\/h2><div class=\"qwen-markdown-paragraph\"><span class=\"qwen-markdown-text\">Para los hu\u00e9spedes interesados en profundizar sus conocimientos sobre la gastronom\u00eda vietnamita, el PureJoy Hotel Saigon ofrece la posibilidad de organizar clases de cocina y recorridos gastron\u00f3micos por Ciudad Ho Chi Minh. Estas experiencias permiten a los visitantes aprender sobre los ingredientes locales, las t\u00e9cnicas culinarias tradicionales y el significado cultural de diversos platos, a la vez que desarrollan habilidades que podr\u00e1n aplicar en su viaje de regreso a casa.<\/span><\/div><div class=\"qwen-markdown-space\">\u00a0<\/div><div class=\"qwen-markdown-paragraph\"><span class=\"qwen-markdown-text\">Las visitas a los mercados, combinadas con clases de cocina, ofrecen experiencias inmersivas donde los participantes compran ingredientes frescos junto a chefs locales antes de preparar aut\u00e9nticos platos vietnamitas. Estas actividades son populares entre los viajeros que buscan conexiones culturales significativas y experiencias memorables que van m\u00e1s all\u00e1 de las t\u00edpicas actividades tur\u00edsticas.<\/span><\/div><div class=\"qwen-markdown-space\">\u00a0<\/div><h2 class=\"qwen-markdown-heading\"><span class=\"qwen-markdown-text\">\u00bfPor qu\u00e9 destacar un restaurante cerca del PureJoy Hotel Saigon?<\/span><\/h2><div class=\"qwen-markdown-paragraph\"><span class=\"qwen-markdown-text\">Las experiencias culinarias que ofrece el PureJoy Hotel Saigon a sus hu\u00e9spedes lo distinguen de otros alojamientos en Ciudad Ho Chi Minh. Nuestra ubicaci\u00f3n privilegiada brinda un acceso inmejorable a una gran variedad de opciones gastron\u00f3micas, desde puestos de comida callejera hasta restaurantes de alta cocina, todos a poca distancia a pie o en transporte p\u00fablico. La concentraci\u00f3n de restaurantes de calidad en nuestro barrio permite a los hu\u00e9spedes dedicar menos tiempo a buscar d\u00f3nde comer y m\u00e1s tiempo a disfrutar de una comida excepcional y de la compa\u00f1\u00eda de sus hu\u00e9spedes.<\/span><\/div><div class=\"qwen-markdown-space\">\u00a0<\/div><div class=\"qwen-markdown-paragraph\"><span class=\"qwen-markdown-text\">Nuestro personal experto act\u00faa como gu\u00eda culinario, compartiendo recomendaciones de expertos que ayudan a los hu\u00e9spedes a descubrir joyas ocultas y evitar las trampas para turistas. Este enfoque personalizado en las recomendaciones gastron\u00f3micas garantiza que cada comida se convierta en una parte significativa de su experiencia en Ciudad Ho Chi Minh, y no simplemente en una obligaci\u00f3n.<\/span><\/div><div class=\"qwen-markdown-space\">\u00a0<\/div><h2 class=\"qwen-markdown-heading\"><span class=\"qwen-markdown-text\">Crea tu historia culinaria en el Hotel PureJoy Saigon.<\/span><\/h2><div class=\"qwen-markdown-paragraph\"><span class=\"qwen-markdown-text\">Cada comida durante su estancia en el PureJoy Hotel Saigon tiene el potencial de convertirse en un recuerdo inolvidable. Desde el ritual matutino del caf\u00e9 hasta las aventuras gastron\u00f3micas nocturnas en las calles, el panorama culinario que rodea nuestro hotel ofrece un sinf\u00edn de oportunidades para descubrir y disfrutar. Le invitamos a deleitarse con los sabores de Vietnam, explorar la variada oferta gastron\u00f3mica de nuestro barrio y dejarse guiar por el rico patrimonio culinario de Ciudad Ho Chi Minh.<\/span><\/div><div class=\"qwen-markdown-space\">\u00a0<\/div><div class=\"qwen-markdown-paragraph\" data-spm-anchor-id=\"a2ty_o01.29997173.0.i17.45645171DftUqi\"><span class=\"qwen-markdown-text\">Reserva tu estancia en el PureJoy Hotel Saigon y descubre por qu\u00e9 nuestros hu\u00e9spedes destacan constantemente sus experiencias gastron\u00f3micas en nuestro barrio como uno de los momentos m\u00e1s memorables de sus viajes a Vietnam. Tanto si buscas aut\u00e9nticos sabores locales, platos internacionales reconfortantes o una cena elegante para una ocasi\u00f3n especial, el PureJoy Hotel Saigon es el lugar perfecto para disfrutar de tus aventuras culinarias en el distrito m\u00e1s vibrante de Saig\u00f3n.<\/span><\/div>\t\t\t\t\t\t\t\t<\/div>\n\t\t\t\t\t<\/div>\n\t\t\t\t<\/div>\n\t\t\t\t<\/div>","protected":false},"excerpt":{"rendered":"<p>Dining at PureJoy Hotel Saigon \u2013 Your Culinary Gateway to Ho Chi Minh City&#8217;s Flavors Experience Authentic Vietnamese Cuisine and International Flavors at PureJoy Hotel Saigon PureJoy Hotel Saigon, located at 185-187 Nguyen Thai Hoc Street in Ben Thanh Ward, District 1, Ho Chi Minh City, offers guests an exceptional culinary journey that begins at [&hellip;]<\/p>\n","protected":false},"author":1,"featured_media":0,"parent":0,"menu_order":0,"comment_status":"closed","ping_status":"closed","template":"elementor_header_footer","meta":{"footnotes":""},"class_list":["post-612","page","type-page","status-publish","hentry","post-no-thumbnail"],"_links":{"self":[{"href":"https:\/\/purejoyhotelsaigon.com\/es\/wp-json\/wp\/v2\/pages\/612","targetHints":{"allow":["GET"]}}],"collection":[{"href":"https:\/\/purejoyhotelsaigon.com\/es\/wp-json\/wp\/v2\/pages"}],"about":[{"href":"https:\/\/purejoyhotelsaigon.com\/es\/wp-json\/wp\/v2\/types\/page"}],"author":[{"embeddable":true,"href":"https:\/\/purejoyhotelsaigon.com\/es\/wp-json\/wp\/v2\/users\/1"}],"replies":[{"embeddable":true,"href":"https:\/\/purejoyhotelsaigon.com\/es\/wp-json\/wp\/v2\/comments?post=612"}],"version-history":[{"count":3,"href":"https:\/\/purejoyhotelsaigon.com\/es\/wp-json\/wp\/v2\/pages\/612\/revisions"}],"predecessor-version":[{"id":5726,"href":"https:\/\/purejoyhotelsaigon.com\/es\/wp-json\/wp\/v2\/pages\/612\/revisions\/5726"}],"wp:attachment":[{"href":"https:\/\/purejoyhotelsaigon.com\/es\/wp-json\/wp\/v2\/media?parent=612"}],"curies":[{"name":"wp","href":"https:\/\/api.w.org\/{rel}","templated":true}]}}