{"id":5266,"date":"2021-07-18T08:03:35","date_gmt":"2021-07-18T08:03:35","guid":{"rendered":"https:\/\/nuss.uxper.co\/luxury-resort\/?page_id=5266"},"modified":"2026-03-27T07:17:43","modified_gmt":"2026-03-27T07:17:43","slug":"sobre-nosotros","status":"publish","type":"page","link":"https:\/\/purejoyhotelsaigon.com\/es\/about-us\/","title":{"rendered":"Sobre nosotros"},"content":{"rendered":"<div data-elementor-type=\"wp-page\" data-elementor-id=\"5266\" class=\"elementor elementor-5266\">\n\t\t\t\t\t\t<section class=\"elementor-section elementor-top-section elementor-element elementor-element-10416953 elementor-section-boxed elementor-section-gap-beside-yes elementor-section-height-default elementor-section-height-default elementor-section-column-vertical-align-stretch\" data-id=\"10416953\" data-element_type=\"section\" data-e-type=\"section\">\n\t\t\t\t\t\t<div class=\"elementor-container elementor-column-gap-extended\">\n\t\t\t\t\t<div class=\"elementor-column elementor-col-100 elementor-top-column elementor-element elementor-element-29c6aa8\" data-id=\"29c6aa8\" data-element_type=\"column\" data-e-type=\"column\">\n\t\t\t<div class=\"elementor-widget-wrap elementor-element-populated\">\n\t\t\t\t\t\t<div class=\"elementor-element elementor-element-7be18fe7 elementor-widget__width-initial elementor-invisible elementor-widget elementor-widget-text-editor\" data-id=\"7be18fe7\" data-element_type=\"widget\" data-e-type=\"widget\" data-settings=\"{&quot;_animation&quot;:&quot;nussFadeInUp&quot;}\" data-widget_type=\"text-editor.default\">\n\t\t\t\t\t\t\t\t\t<p class=\"qwen-markdown-heading\"><span class=\"qwen-markdown-text\" data-spm-anchor-id=\"a2ty_o01.29997173.0.i48.45645171DftUqi\">Hotel PureJoy Saigon: Su puerta de entrada al coraz\u00f3n de Ciudad Ho Chi Minh.<\/span><\/p>\t\t\t\t\t\t\t\t<\/div>\n\t\t\t\t\t<\/div>\n\t\t<\/div>\n\t\t\t\t\t<\/div>\n\t\t<\/section>\n\t\t\t\t<section class=\"elementor-section elementor-top-section elementor-element elementor-element-7d18327f elementor-section-boxed elementor-section-gap-beside-yes elementor-section-height-default elementor-section-height-default elementor-section-column-vertical-align-stretch\" data-id=\"7d18327f\" data-element_type=\"section\" data-e-type=\"section\">\n\t\t\t\t\t\t<div class=\"elementor-container elementor-column-gap-extended\">\n\t\t\t\t\t<div class=\"elementor-column elementor-col-50 elementor-top-column elementor-element elementor-element-56533670\" data-id=\"56533670\" data-element_type=\"column\" data-e-type=\"column\">\n\t\t\t<div class=\"elementor-widget-wrap elementor-element-populated\">\n\t\t\t\t\t\t<div class=\"elementor-element elementor-element-19c3f543 elementor-invisible elementor-widget elementor-widget-text-editor\" data-id=\"19c3f543\" data-element_type=\"widget\" data-e-type=\"widget\" data-settings=\"{&quot;_animation&quot;:&quot;nussFadeInUp&quot;}\" data-widget_type=\"text-editor.default\">\n\t\t\t\t\t\t\t\t\t<p><span class=\"qwen-markdown-text\">Ubicado en el vibrante coraz\u00f3n del Distrito 1, el PureJoy Hotel Saigon se erige como un acogedor refugio urbano en la calle Nguyen Thai Hoc 185-187, barrio Ben Thanh, Ciudad Ho Chi Minh. Este hotel boutique, cuidadosamente dise\u00f1ado, ofrece a los viajeros una aut\u00e9ntica experiencia vietnamita combinada con comodidades modernas, lo que lo convierte en la opci\u00f3n ideal tanto para quienes buscan placer como para quienes viajan por negocios y desean comodidad sin renunciar a nada.<\/span><\/p>\t\t\t\t\t\t\t\t<\/div>\n\t\t\t\t\t<\/div>\n\t\t<\/div>\n\t\t\t\t<div class=\"elementor-column elementor-col-50 elementor-top-column elementor-element elementor-element-30f14127\" data-id=\"30f14127\" data-element_type=\"column\" data-e-type=\"column\">\n\t\t\t<div class=\"elementor-widget-wrap elementor-element-populated\">\n\t\t\t\t\t\t<div class=\"elementor-element elementor-element-350da02e elementor-invisible nuss-elementor-loading nuss-slide-in-left elementor-widget elementor-widget-image\" data-id=\"350da02e\" data-element_type=\"widget\" data-e-type=\"widget\" data-settings=\"{&quot;_animation&quot;:&quot;nussSlideInLeft&quot;}\" data-widget_type=\"image.default\">\n\t\t\t\t\t\t\t\t\t\t\t\t\t\t\t<img fetchpriority=\"high\" decoding=\"async\" width=\"1024\" height=\"1436\" src=\"https:\/\/purejoyhotelsaigon.com\/wp-content\/uploads\/2026\/03\/PureJoy-Hotel-Saigon-Agoda-15.jpg\" class=\"attachment-full size-full wp-image-5678\" alt=\"\" srcset=\"https:\/\/purejoyhotelsaigon.com\/wp-content\/uploads\/2026\/03\/PureJoy-Hotel-Saigon-Agoda-15.jpg 1024w, https:\/\/purejoyhotelsaigon.com\/wp-content\/uploads\/2026\/03\/PureJoy-Hotel-Saigon-Agoda-15-214x300.jpg 214w, https:\/\/purejoyhotelsaigon.com\/wp-content\/uploads\/2026\/03\/PureJoy-Hotel-Saigon-Agoda-15-730x1024.jpg 730w, https:\/\/purejoyhotelsaigon.com\/wp-content\/uploads\/2026\/03\/PureJoy-Hotel-Saigon-Agoda-15-768x1077.jpg 768w\" sizes=\"(max-width: 1024px) 100vw, 1024px\" \/>\t\t\t\t\t\t\t\t\t\t\t\t\t\t\t<\/div>\n\t\t\t\t\t<\/div>\n\t\t<\/div>\n\t\t\t\t\t<\/div>\n\t\t<\/section>\n\t\t\t\t<section class=\"elementor-section elementor-top-section elementor-element elementor-element-29fb8578 elementor-section-height-min-height elementor-section-stretched elementor-section-full_width elementor-section-items-stretch elementor-section-height-default elementor-section-column-vertical-align-stretch\" data-id=\"29fb8578\" data-element_type=\"section\" data-e-type=\"section\" data-settings=\"{&quot;stretch_section&quot;:&quot;section-stretched&quot;}\">\n\t\t\t\t\t\t<div class=\"elementor-container elementor-column-gap-no\">\n\t\t\t\t\t<div class=\"elementor-column elementor-col-50 elementor-top-column elementor-element elementor-element-40ac270b\" data-id=\"40ac270b\" data-element_type=\"column\" data-e-type=\"column\">\n\t\t\t<div class=\"elementor-widget-wrap elementor-element-populated\">\n\t\t\t\t\t\t<div class=\"elementor-element elementor-element-20872773 elementor-widget__width-initial elementor-widget-mobile__width-inherit elementor-invisible nuss-elementor-loading nuss-slide-in-right elementor-widget elementor-widget-image\" data-id=\"20872773\" data-element_type=\"widget\" data-e-type=\"widget\" data-settings=\"{&quot;_animation&quot;:&quot;nussSlideInRight&quot;}\" data-widget_type=\"image.default\">\n\t\t\t\t\t\t\t\t\t\t\t\t\t\t\t<img decoding=\"async\" width=\"1024\" height=\"737\" src=\"https:\/\/purejoyhotelsaigon.com\/wp-content\/uploads\/2026\/03\/PureJoy-Hotel-Saigon-Agoda-18.jpg\" class=\"attachment-full size-full wp-image-5683\" alt=\"\" srcset=\"https:\/\/purejoyhotelsaigon.com\/wp-content\/uploads\/2026\/03\/PureJoy-Hotel-Saigon-Agoda-18.jpg 1024w, https:\/\/purejoyhotelsaigon.com\/wp-content\/uploads\/2026\/03\/PureJoy-Hotel-Saigon-Agoda-18-300x216.jpg 300w, https:\/\/purejoyhotelsaigon.com\/wp-content\/uploads\/2026\/03\/PureJoy-Hotel-Saigon-Agoda-18-768x553.jpg 768w\" sizes=\"(max-width: 1024px) 100vw, 1024px\" \/>\t\t\t\t\t\t\t\t\t\t\t\t\t\t\t<\/div>\n\t\t\t\t\t<\/div>\n\t\t<\/div>\n\t\t\t\t<div class=\"elementor-column elementor-col-50 elementor-top-column elementor-element elementor-element-2dac103\" data-id=\"2dac103\" data-element_type=\"column\" data-e-type=\"column\">\n\t\t\t<div class=\"elementor-widget-wrap elementor-element-populated\">\n\t\t\t\t\t\t<div class=\"elementor-element elementor-element-6f1b8966 elementor-invisible elementor-widget elementor-widget-text-editor\" data-id=\"6f1b8966\" data-element_type=\"widget\" data-e-type=\"widget\" data-settings=\"{&quot;_animation&quot;:&quot;nussFadeInUp&quot;}\" data-widget_type=\"text-editor.default\">\n\t\t\t\t\t\t\t\t\t<h2 class=\"qwen-markdown-heading\"><span class=\"qwen-markdown-text\" data-spm-anchor-id=\"a2ty_o01.29997173.0.i49.45645171DftUqi\">Ubicaci\u00f3n privilegiada en el barrio m\u00e1s din\u00e1mico de Saig\u00f3n.<\/span><\/h2><div class=\"qwen-markdown-paragraph\"><span class=\"qwen-markdown-text\">El PureJoy Hotel Saigon goza de una de las direcciones m\u00e1s codiciadas de Ciudad Ho Chi Minh. Los hu\u00e9spedes se encuentran a tan solo ocho minutos a pie del emblem\u00e1tico Mercado Ben Thanh, donde la cultura local, la gastronom\u00eda callejera y las tiendas convergen en una vibrante explosi\u00f3n de im\u00e1genes y sonidos. Las famosas calles Bui Vien y Pham Ngu Lao, conocidas por su animada vida nocturna y su oferta gastron\u00f3mica internacional, est\u00e1n a poca distancia a pie. Para los amantes del arte, el Museo de Bellas Artes se encuentra a solo siete minutos, mientras que los compradores pueden llegar a Takashimaya Vietnam y al centro comercial Vincom Center en menos de diez minutos a pie. La conexi\u00f3n del hotel con las estaciones de tren y metro cercanas garantiza un transporte fluido por toda la ciudad, y la Plaza de Saig\u00f3n y la calle Dong Khoi son f\u00e1cilmente accesibles para quienes deseen explorar la arquitectura colonial y las exclusivas boutiques de Saig\u00f3n.<\/span><\/div>\t\t\t\t\t\t\t\t<\/div>\n\t\t\t\t\t<\/div>\n\t\t<\/div>\n\t\t\t\t\t<\/div>\n\t\t<\/section>\n\t\t\t\t<section class=\"elementor-section elementor-top-section elementor-element elementor-element-de63c7e elementor-section-height-min-height elementor-section-stretched elementor-section-full_width elementor-section-items-stretch elementor-section-height-default elementor-section-column-vertical-align-stretch\" data-id=\"de63c7e\" data-element_type=\"section\" data-e-type=\"section\" data-settings=\"{&quot;stretch_section&quot;:&quot;section-stretched&quot;}\">\n\t\t\t\t\t\t<div class=\"elementor-container elementor-column-gap-no\">\n\t\t\t\t\t<div class=\"elementor-column elementor-col-50 elementor-top-column elementor-element elementor-element-09d55eb\" data-id=\"09d55eb\" data-element_type=\"column\" data-e-type=\"column\">\n\t\t\t<div class=\"elementor-widget-wrap elementor-element-populated\">\n\t\t\t\t\t\t<div class=\"elementor-element elementor-element-7637409 elementor-invisible elementor-widget elementor-widget-text-editor\" data-id=\"7637409\" data-element_type=\"widget\" data-e-type=\"widget\" data-settings=\"{&quot;_animation&quot;:&quot;nussFadeInUp&quot;}\" data-widget_type=\"text-editor.default\">\n\t\t\t\t\t\t\t\t\t<h2 class=\"qwen-markdown-heading\"><span class=\"qwen-markdown-text\">Habitaciones c\u00f3modas y bien equipadas.<\/span><\/h2><div class=\"qwen-markdown-paragraph\"><span class=\"qwen-markdown-text\">El PureJoy Hotel Saigon ofrece una selecci\u00f3n de habitaciones con aire acondicionado, dise\u00f1adas pensando en el viajero moderno. Cada habitaci\u00f3n cuenta con ventanas insonorizadas para garantizar un descanso tranquilo a pesar del bullicio de la ciudad. Los ba\u00f1os privados incluyen duchas, art\u00edculos de tocador gratuitos, secador de pelo y c\u00f3modas pantuflas. Adem\u00e1s, disponen de minibar para que los hu\u00e9spedes puedan mantener sus bebidas y aperitivos fr\u00edos. El wifi de alta velocidad gratuito en todo el establecimiento permite a los hu\u00e9spedes estar conectados para trabajar o entretenerse, mientras que las habitaciones para no fumadores son ideales para quienes buscan tranquilidad. Estas habitaciones amplias y limpias ofrecen un remanso de paz tras d\u00edas llenos de exploraci\u00f3n y aventura en la ciudad m\u00e1s grande de Vietnam.<\/span><\/div>\t\t\t\t\t\t\t\t<\/div>\n\t\t\t\t\t<\/div>\n\t\t<\/div>\n\t\t\t\t<div class=\"elementor-column elementor-col-50 elementor-top-column elementor-element elementor-element-67fb299\" data-id=\"67fb299\" data-element_type=\"column\" data-e-type=\"column\">\n\t\t\t<div class=\"elementor-widget-wrap elementor-element-populated\">\n\t\t\t\t\t\t<div class=\"elementor-element elementor-element-c44d5da elementor-widget__width-initial elementor-widget-mobile__width-inherit elementor-invisible nuss-elementor-loading nuss-slide-in-right elementor-widget elementor-widget-image\" data-id=\"c44d5da\" data-element_type=\"widget\" data-e-type=\"widget\" data-settings=\"{&quot;_animation&quot;:&quot;nussSlideInRight&quot;}\" data-widget_type=\"image.default\">\n\t\t\t\t\t\t\t\t\t\t\t\t\t\t\t<img decoding=\"async\" width=\"1024\" height=\"1024\" src=\"https:\/\/purejoyhotelsaigon.com\/wp-content\/uploads\/2026\/03\/PureJoy-Hotel-Saigon-Agoda-27.jpg\" class=\"attachment-full size-full wp-image-5692\" alt=\"\" srcset=\"https:\/\/purejoyhotelsaigon.com\/wp-content\/uploads\/2026\/03\/PureJoy-Hotel-Saigon-Agoda-27.jpg 1024w, https:\/\/purejoyhotelsaigon.com\/wp-content\/uploads\/2026\/03\/PureJoy-Hotel-Saigon-Agoda-27-300x300.jpg 300w, https:\/\/purejoyhotelsaigon.com\/wp-content\/uploads\/2026\/03\/PureJoy-Hotel-Saigon-Agoda-27-150x150.jpg 150w, https:\/\/purejoyhotelsaigon.com\/wp-content\/uploads\/2026\/03\/PureJoy-Hotel-Saigon-Agoda-27-768x768.jpg 768w\" sizes=\"(max-width: 1024px) 100vw, 1024px\" \/>\t\t\t\t\t\t\t\t\t\t\t\t\t\t\t<\/div>\n\t\t\t\t\t<\/div>\n\t\t<\/div>\n\t\t\t\t\t<\/div>\n\t\t<\/section>\n\t\t\t\t<section class=\"elementor-section elementor-top-section elementor-element elementor-element-1ea7ce7 elementor-section-height-min-height elementor-section-stretched elementor-section-full_width elementor-section-items-stretch elementor-section-height-default elementor-section-column-vertical-align-stretch\" data-id=\"1ea7ce7\" data-element_type=\"section\" data-e-type=\"section\" data-settings=\"{&quot;stretch_section&quot;:&quot;section-stretched&quot;}\">\n\t\t\t\t\t\t<div class=\"elementor-container elementor-column-gap-no\">\n\t\t\t\t\t<div class=\"elementor-column elementor-col-50 elementor-top-column elementor-element elementor-element-5f812fa\" data-id=\"5f812fa\" data-element_type=\"column\" data-e-type=\"column\">\n\t\t\t<div class=\"elementor-widget-wrap elementor-element-populated\">\n\t\t\t\t\t\t<div class=\"elementor-element elementor-element-857367a elementor-widget__width-initial elementor-widget-mobile__width-inherit elementor-invisible nuss-elementor-loading nuss-slide-in-right elementor-widget elementor-widget-image\" data-id=\"857367a\" data-element_type=\"widget\" data-e-type=\"widget\" data-settings=\"{&quot;_animation&quot;:&quot;nussSlideInRight&quot;}\" data-widget_type=\"image.default\">\n\t\t\t\t\t\t\t\t\t\t\t\t\t\t\t<img loading=\"lazy\" decoding=\"async\" width=\"1024\" height=\"1024\" src=\"https:\/\/purejoyhotelsaigon.com\/wp-content\/uploads\/2026\/03\/PureJoy-Hotel-Saigon-Agoda-20.jpg\" class=\"attachment-full size-full wp-image-5685\" alt=\"\" srcset=\"https:\/\/purejoyhotelsaigon.com\/wp-content\/uploads\/2026\/03\/PureJoy-Hotel-Saigon-Agoda-20.jpg 1024w, https:\/\/purejoyhotelsaigon.com\/wp-content\/uploads\/2026\/03\/PureJoy-Hotel-Saigon-Agoda-20-300x300.jpg 300w, https:\/\/purejoyhotelsaigon.com\/wp-content\/uploads\/2026\/03\/PureJoy-Hotel-Saigon-Agoda-20-150x150.jpg 150w, https:\/\/purejoyhotelsaigon.com\/wp-content\/uploads\/2026\/03\/PureJoy-Hotel-Saigon-Agoda-20-768x768.jpg 768w\" sizes=\"(max-width: 1024px) 100vw, 1024px\" \/>\t\t\t\t\t\t\t\t\t\t\t\t\t\t\t<\/div>\n\t\t\t\t\t<\/div>\n\t\t<\/div>\n\t\t\t\t<div class=\"elementor-column elementor-col-50 elementor-top-column elementor-element elementor-element-3ebdc03\" data-id=\"3ebdc03\" data-element_type=\"column\" data-e-type=\"column\">\n\t\t\t<div class=\"elementor-widget-wrap elementor-element-populated\">\n\t\t\t\t\t\t<div class=\"elementor-element elementor-element-dbf462e elementor-invisible elementor-widget elementor-widget-text-editor\" data-id=\"dbf462e\" data-element_type=\"widget\" data-e-type=\"widget\" data-settings=\"{&quot;_animation&quot;:&quot;nussFadeInUp&quot;}\" data-widget_type=\"text-editor.default\">\n\t\t\t\t\t\t\t\t\t<h2 class=\"qwen-markdown-heading\"><span class=\"qwen-markdown-text\">Servicios especializados para una estancia sin contratiempos<\/span><\/h2><div class=\"qwen-markdown-paragraph\"><span class=\"qwen-markdown-text\">El equipo de recepci\u00f3n del hotel, disponible las 24 horas, est\u00e1 listo para ayudar a los hu\u00e9spedes en cualquier momento, ya sea organizando traslados al aeropuerto, ofreciendo recomendaciones locales o gestionando el equipaje. El amable personal de recepci\u00f3n se distingue por su c\u00e1lida hospitalidad y su disposici\u00f3n a hacer todo lo posible para garantizar estancias memorables. El servicio de limpieza diario mantiene las habitaciones impecables, mientras que los sistemas de acceso seguro brindan tranquilidad a todos los visitantes. El vest\u00edbulo ofrece un espacio confortable para que los hu\u00e9spedes se relajen, planifiquen sus itinerarios diarios o conozcan a otros viajeros de todo el mundo.<\/span><\/div>\t\t\t\t\t\t\t\t<\/div>\n\t\t\t\t\t<\/div>\n\t\t<\/div>\n\t\t\t\t\t<\/div>\n\t\t<\/section>\n\t\t\t\t<section class=\"elementor-section elementor-top-section elementor-element elementor-element-d444225 elementor-section-height-min-height elementor-section-stretched elementor-section-full_width elementor-section-items-stretch elementor-section-height-default elementor-section-column-vertical-align-stretch\" data-id=\"d444225\" data-element_type=\"section\" data-e-type=\"section\" data-settings=\"{&quot;stretch_section&quot;:&quot;section-stretched&quot;}\">\n\t\t\t\t\t\t<div class=\"elementor-container elementor-column-gap-no\">\n\t\t\t\t\t<div class=\"elementor-column elementor-col-50 elementor-top-column elementor-element elementor-element-ab5058c\" data-id=\"ab5058c\" data-element_type=\"column\" data-e-type=\"column\">\n\t\t\t<div class=\"elementor-widget-wrap elementor-element-populated\">\n\t\t\t\t\t\t<div class=\"elementor-element elementor-element-07f6ce9 elementor-invisible elementor-widget elementor-widget-text-editor\" data-id=\"07f6ce9\" data-element_type=\"widget\" data-e-type=\"widget\" data-settings=\"{&quot;_animation&quot;:&quot;nussFadeInUp&quot;}\" data-widget_type=\"text-editor.default\">\n\t\t\t\t\t\t\t\t\t<h2 class=\"qwen-markdown-heading\"><span class=\"qwen-markdown-text\">Descubre la escena culinaria de Saig\u00f3n desde la comodidad de tu casa.<\/span><\/h2><div class=\"qwen-markdown-paragraph\"><span class=\"qwen-markdown-text\">Si bien el PureJoy Hotel Saigon se centra en ofrecer c\u00f3modas comodidades en las habitaciones, el barrio circundante ofrece una infinidad de opciones gastron\u00f3micas. El hotel se ubica en una zona conocida por su diversa oferta culinaria, desde el tradicional pho y banh mi vietnamita hasta la cocina internacional que refleja el car\u00e1cter cosmopolita de Saig\u00f3n. La cercana calle japonesa ofrece aut\u00e9nticos sabores asi\u00e1ticos, mientras que el mercado Ben Thanh brinda la oportunidad de degustar especialidades de comida callejera local. Innumerables caf\u00e9s, restaurantes y mercados nocturnos a poca distancia a pie garantizan que cada comida se convierta en una nueva aventura de sabor y cultura.<\/span><\/div>\t\t\t\t\t\t\t\t<\/div>\n\t\t\t\t\t<\/div>\n\t\t<\/div>\n\t\t\t\t<div class=\"elementor-column elementor-col-50 elementor-top-column elementor-element elementor-element-4ff155e\" data-id=\"4ff155e\" data-element_type=\"column\" data-e-type=\"column\">\n\t\t\t<div class=\"elementor-widget-wrap elementor-element-populated\">\n\t\t\t\t\t\t<div class=\"elementor-element elementor-element-4ef65b3 elementor-widget__width-initial elementor-widget-mobile__width-inherit elementor-invisible nuss-elementor-loading nuss-slide-in-right elementor-widget elementor-widget-image\" data-id=\"4ef65b3\" data-element_type=\"widget\" data-e-type=\"widget\" data-settings=\"{&quot;_animation&quot;:&quot;nussSlideInRight&quot;}\" data-widget_type=\"image.default\">\n\t\t\t\t\t\t\t\t\t\t\t\t\t\t\t<img loading=\"lazy\" decoding=\"async\" width=\"853\" height=\"853\" src=\"https:\/\/purejoyhotelsaigon.com\/wp-content\/uploads\/2026\/03\/PureJoy-Hotel-Saigon-18.webp\" class=\"attachment-full size-full wp-image-5605\" alt=\"\" srcset=\"https:\/\/purejoyhotelsaigon.com\/wp-content\/uploads\/2026\/03\/PureJoy-Hotel-Saigon-18.webp 853w, https:\/\/purejoyhotelsaigon.com\/wp-content\/uploads\/2026\/03\/PureJoy-Hotel-Saigon-18-300x300.webp 300w, https:\/\/purejoyhotelsaigon.com\/wp-content\/uploads\/2026\/03\/PureJoy-Hotel-Saigon-18-150x150.webp 150w, https:\/\/purejoyhotelsaigon.com\/wp-content\/uploads\/2026\/03\/PureJoy-Hotel-Saigon-18-768x768.webp 768w\" sizes=\"(max-width: 853px) 100vw, 853px\" \/>\t\t\t\t\t\t\t\t\t\t\t\t\t\t\t<\/div>\n\t\t\t\t\t<\/div>\n\t\t<\/div>\n\t\t\t\t\t<\/div>\n\t\t<\/section>\n\t\t<div class=\"elementor-element elementor-element-a4c67ee e-flex e-con-boxed e-con e-parent\" data-id=\"a4c67ee\" data-element_type=\"container\" data-e-type=\"container\">\n\t\t\t\t\t<div class=\"e-con-inner\">\n\t\t\t\t<div class=\"elementor-element elementor-element-987cf08 elementor-widget elementor-widget-text-editor\" data-id=\"987cf08\" data-element_type=\"widget\" data-e-type=\"widget\" data-widget_type=\"text-editor.default\">\n\t\t\t\t\t\t\t\t\t<h2 class=\"qwen-markdown-heading\"><span class=\"qwen-markdown-text\">\u00bfPor qu\u00e9 elegir el Hotel PureJoy Saig\u00f3n?<\/span><\/h2><div class=\"qwen-markdown-paragraph\"><span class=\"qwen-markdown-text\">El PureJoy Hotel Saigon se distingue por su inmejorable ubicaci\u00f3n c\u00e9ntrica, su atento servicio y su compromiso con la comodidad de sus hu\u00e9spedes. Los viajeros aprecian la combinaci\u00f3n de precio asequible y calidad, con habitaciones impecables, servicios confiables y un personal que se preocupa genuinamente por crear experiencias positivas. Ya sea que visite Ciudad Ho Chi Minh por reuniones de negocios, para explorar la cultura o simplemente para experimentar la energ\u00eda de la metr\u00f3polis m\u00e1s din\u00e1mica de Vietnam, el PureJoy Hotel Saigon es el lugar perfecto para alojarse. Su proximidad a las principales atracciones, centros comerciales y nudos de transporte permite a los hu\u00e9spedes dedicar menos tiempo a los desplazamientos y m\u00e1s tiempo a disfrutar de todo lo que esta fascinante ciudad tiene para ofrecer.<\/span><\/div><div class=\"qwen-markdown-space\">\u00a0<\/div><div class=\"qwen-markdown-paragraph\"><span class=\"qwen-markdown-text\">Reserva tu estancia en el PureJoy Hotel Saigon y descubre por qu\u00e9 los viajeros eligen una y otra vez esta joya del Distrito 1 para sus aventuras en Ciudad Ho Chi Minh. Desde tu llegada hasta tu partida, disfruta de la c\u00e1lida hospitalidad vietnamita en un entorno que combina a la perfecci\u00f3n la emoci\u00f3n urbana con la tranquilidad.<\/span><\/div>\t\t\t\t\t\t\t\t<\/div>\n\t\t\t\t\t<\/div>\n\t\t\t\t<\/div>\n\t\t\t\t<\/div>","protected":false},"excerpt":{"rendered":"<p>PureJoy Hotel Saigon \u2013 Your Gateway to the Heart of Ho Chi Minh City Nestled in the vibrant core of District 1, PureJoy Hotel Saigon stands as a welcoming urban retreat at 185-187 Nguyen Thai Hoc Street, Ben Thanh Ward, Ho Chi Minh City. This thoughtfully designed boutique hotel offers travelers an authentic Vietnamese experience [&hellip;]<\/p>\n","protected":false},"author":1,"featured_media":0,"parent":0,"menu_order":0,"comment_status":"closed","ping_status":"closed","template":"","meta":{"footnotes":""},"class_list":["post-5266","page","type-page","status-publish","hentry","post-no-thumbnail"],"_links":{"self":[{"href":"https:\/\/purejoyhotelsaigon.com\/es\/wp-json\/wp\/v2\/pages\/5266","targetHints":{"allow":["GET"]}}],"collection":[{"href":"https:\/\/purejoyhotelsaigon.com\/es\/wp-json\/wp\/v2\/pages"}],"about":[{"href":"https:\/\/purejoyhotelsaigon.com\/es\/wp-json\/wp\/v2\/types\/page"}],"author":[{"embeddable":true,"href":"https:\/\/purejoyhotelsaigon.com\/es\/wp-json\/wp\/v2\/users\/1"}],"replies":[{"embeddable":true,"href":"https:\/\/purejoyhotelsaigon.com\/es\/wp-json\/wp\/v2\/comments?post=5266"}],"version-history":[{"count":6,"href":"https:\/\/purejoyhotelsaigon.com\/es\/wp-json\/wp\/v2\/pages\/5266\/revisions"}],"predecessor-version":[{"id":5753,"href":"https:\/\/purejoyhotelsaigon.com\/es\/wp-json\/wp\/v2\/pages\/5266\/revisions\/5753"}],"wp:attachment":[{"href":"https:\/\/purejoyhotelsaigon.com\/es\/wp-json\/wp\/v2\/media?parent=5266"}],"curies":[{"name":"wp","href":"https:\/\/api.w.org\/{rel}","templated":true}]}}