{"id":612,"date":"2021-03-26T10:04:13","date_gmt":"2021-03-26T10:04:13","guid":{"rendered":"http:\/\/localhost\/nuss\/?page_id=612"},"modified":"2026-03-27T06:43:55","modified_gmt":"2026-03-27T06:43:55","slug":"restaurant","status":"publish","type":"page","link":"https:\/\/purejoyhotelsaigon.com\/de\/restaurant\/","title":{"rendered":"Restaurant"},"content":{"rendered":"<div data-elementor-type=\"wp-page\" data-elementor-id=\"612\" class=\"elementor elementor-612\">\n\t\t\t\t\t\t<section class=\"elementor-section elementor-top-section elementor-element elementor-element-e2effe8 elementor-section-boxed elementor-section-gap-beside-yes elementor-section-height-default elementor-section-height-default elementor-section-column-vertical-align-stretch\" data-id=\"e2effe8\" data-element_type=\"section\" data-e-type=\"section\">\n\t\t\t\t\t\t<div class=\"elementor-container elementor-column-gap-extended\">\n\t\t\t\t\t<div class=\"elementor-column elementor-col-100 elementor-top-column elementor-element elementor-element-e18f688\" data-id=\"e18f688\" data-element_type=\"column\" data-e-type=\"column\">\n\t\t\t<div class=\"elementor-widget-wrap elementor-element-populated\">\n\t\t\t\t\t\t<div class=\"elementor-element elementor-element-6db146d elementor-widget__width-initial elementor-invisible elementor-widget elementor-widget-text-editor\" data-id=\"6db146d\" data-element_type=\"widget\" data-e-type=\"widget\" data-settings=\"{&quot;_animation&quot;:&quot;nussFadeInUp&quot;}\" data-widget_type=\"text-editor.default\">\n\t\t\t\t\t\t\t\t\tSpeisen im PureJoy Hotel Saigon \u2013 Ihr kulinarisches Tor zu den Aromen von Ho-Chi-Minh-Stadt\t\t\t\t\t\t\t\t<\/div>\n\t\t\t\t\t<\/div>\n\t\t<\/div>\n\t\t\t\t\t<\/div>\n\t\t<\/section>\n\t\t<div class=\"elementor-element elementor-element-0e35f94 e-flex e-con-boxed e-con e-parent\" data-id=\"0e35f94\" data-element_type=\"container\" data-e-type=\"container\">\n\t\t\t\t\t<div class=\"e-con-inner\">\n\t\t\t\t<div class=\"elementor-element elementor-element-6058fa8 elementor-widget elementor-widget-text-editor\" data-id=\"6058fa8\" data-element_type=\"widget\" data-e-type=\"widget\" data-widget_type=\"text-editor.default\">\n\t\t\t\t\t\t\t\t\t<h2 class=\"qwen-markdown-heading\"><span class=\"qwen-markdown-text\">Erleben Sie authentische vietnamesische K\u00fcche und internationale Aromen im PureJoy Hotel Saigon<\/span><\/h2><div class=\"qwen-markdown-paragraph\"><span class=\"qwen-markdown-text\">Das PureJoy Hotel Saigon in der Nguyen Thai Hoc Stra\u00dfe 185-187 im Ben Thanh Stadtbezirk, Bezirk 1, Ho-Chi-Minh-Stadt, bietet seinen G\u00e4sten eine au\u00dfergew\u00f6hnliche kulinarische Reise, die direkt vor der T\u00fcr beginnt. Unser Boutique-Hotel legt Wert auf komfortable Zimmerservice-Angebote und ist stolz darauf, seine G\u00e4ste mit der vielf\u00e4ltigen Gastronomieszene der Umgebung zu verbinden, sodass jede Mahlzeit zu einem Abenteuer f\u00fcr Geschmack und Kultur wird.<\/span><\/div><div class=\"qwen-markdown-space\">\u00a0<\/div><h2 class=\"qwen-markdown-heading\"><span class=\"qwen-markdown-text\">Fr\u00fchst\u00fccksservice f\u00fcr einen gelungenen Start in den Tag<\/span><\/h2><div class=\"qwen-markdown-paragraph\"><span class=\"qwen-markdown-text\">Beginnen Sie jeden Morgen im PureJoy Hotel Saigon mit einem sorgf\u00e4ltig zubereiteten Fr\u00fchst\u00fcck, das Sie optimal f\u00fcr Ihre Erkundungstouren oder Gesch\u00e4ftstreffen in Ho-Chi-Minh-Stadt st\u00e4rkt. Je nach Buchungspaket genie\u00dfen Sie ein kostenloses Fr\u00fchst\u00fcck mit vietnamesischen und internationalen Spezialit\u00e4ten. Von traditionellen Gerichten wie Pho und Banh Mi bis hin zu kontinentalen Optionen wie frischem Brot, Obst, Kaffee und Eiern \u2013 unser Fr\u00fchst\u00fccksservice sorgt daf\u00fcr, dass Sie mit k\u00f6stlichen Aromen aus der vielf\u00e4ltigen vietnamesischen K\u00fcche in den Tag starten.<\/span><\/div><div class=\"qwen-markdown-space\">\u00a0<\/div><div class=\"qwen-markdown-paragraph\"><span class=\"qwen-markdown-text\">Unser Fr\u00fchst\u00fccksangebot wird mit viel Liebe zum Detail und unter Ber\u00fccksichtigung von Qualit\u00e4t und Frische zubereitet. Wann immer m\u00f6glich, beziehen wir die Zutaten von lokalen Anbietern. Genie\u00dfen Sie die entspannte Atmosph\u00e4re beim Fr\u00fchst\u00fcck, in der Sie Ihre Tagesplanung angehen, sich mit anderen Reisenden austauschen oder einfach einen ruhigen Moment genie\u00dfen k\u00f6nnen, bevor Sie sich ins pulsierende Leben des 1. Bezirks st\u00fcrzen.<\/span><\/div><div class=\"qwen-markdown-space\">\u00a0<\/div><h2 class=\"qwen-markdown-heading\"><span class=\"qwen-markdown-text\">Zimmerservice: Komfort und Bequemlichkeit<\/span><\/h2><div class=\"qwen-markdown-paragraph\"><span class=\"qwen-markdown-text\">Das PureJoy Hotel Saigon wei\u00df, dass moderne Reisende Wert auf Flexibilit\u00e4t und Komfort beim Essen legen. Unsere Zimmer sind mit Minik\u00fchlschrank und Minibar ausgestattet, sodass Sie Getr\u00e4nke, Snacks und leichte Mahlzeiten w\u00e4hrend Ihres gesamten Aufenthalts griffbereit haben. Besonders Gesch\u00e4ftsreisende mit langen Arbeitszeiten, Familien mit kleinen Kindern oder G\u00e4ste, die ihre Mahlzeiten lieber nach eigenem Zeitplan einnehmen m\u00f6chten, werden diese Annehmlichkeiten sch\u00e4tzen.<\/span><\/div><div class=\"qwen-markdown-space\">\u00a0<\/div><div class=\"qwen-markdown-paragraph\"><span class=\"qwen-markdown-text\">Das 24-Stunden-Rezeptionsteam des Hotels hilft Ihnen gerne bei der Bestellung von Speisen aus nahegelegenen Restaurants und stellt Ihnen Speisekarten und Empfehlungen f\u00fcr lokale Spezialit\u00e4ten zur Verf\u00fcgung, die Sie bequem in Ihrem Zimmer genie\u00dfen k\u00f6nnen. Mit diesem Service erleben Sie Saigons ber\u00fchmte Esskultur, ohne Ihre Unterkunft verlassen zu m\u00fcssen.<\/span><\/div><div class=\"qwen-markdown-space\">\u00a0<\/div><h2 class=\"qwen-markdown-heading\"><span class=\"qwen-markdown-text\">Die Gastronomieszene in Ihrer Nachbarschaft \u2013 Ihr erweitertes Restaurant<\/span><\/h2><div class=\"qwen-markdown-paragraph\"><span class=\"qwen-markdown-text\">Einer der gr\u00f6\u00dften kulinarischen Vorz\u00fcge des PureJoy Hotel Saigon ist seine erstklassige Lage in der Nguyen Thai Hoc Stra\u00dfe, die von Einheimischen und Expats gleicherma\u00dfen liebevoll \u201cJapanische Stra\u00dfe\u201d genannt wird. Dieses lebendige Viertel bietet eine unvergleichliche Dichte an Restaurants, die das gastronomische Angebot unseres Hotels ideal erg\u00e4nzen.<\/span><\/div><div class=\"qwen-markdown-space\">\u00a0<\/div><div class=\"qwen-markdown-paragraph\"><span class=\"qwen-markdown-text\">Nur wenige Schritte vom Hoteleingang entfernt finden G\u00e4ste authentische japanische Restaurants mit frischem Sushi, Ramen und Teppanyaki. Liebhaber der vietnamesischen K\u00fcche erwartet eine gro\u00dfe Auswahl an traditionellen Gerichten wie Pho, Bun Cha, Com Tam und frischen Fr\u00fchlingsrollen, zubereitet von erfahrenen K\u00f6chen aus der Region. In den umliegenden Stra\u00dfen findet man au\u00dferdem internationale K\u00fcche mit thail\u00e4ndischen, koreanischen, chinesischen, franz\u00f6sischen, italienischen und amerikanischen Einfl\u00fcssen, die den kosmopolitischen Charakter von Ho-Chi-Minh-Stadt widerspiegeln.<\/span><\/div><div class=\"qwen-markdown-space\">\u00a0<\/div><h2 class=\"qwen-markdown-heading\"><span class=\"qwen-markdown-text\">Caf\u00e9-Kultur und Kaffeeerlebnisse<\/span><\/h2><div class=\"qwen-markdown-paragraph\"><span class=\"qwen-markdown-text\">Ein Besuch in Vietnam ist erst komplett, wenn man die ber\u00fchmte Kaffeekultur des Landes erlebt hat, und G\u00e4ste des PureJoy Hotel Saigon sind ideal gelegen, um diesen wichtigen Aspekt des lokalen Lebens zu entdecken. In der Umgebung des Hotels befinden sich zahlreiche Caf\u00e9s, die traditionellen vietnamesischen C\u00e0 ph\u00ea s\u1eefa \u0111\u00e1 (Eiskaffee mit Kondensmilch), Eierkaffee und moderne Kaffeespezialit\u00e4ten servieren.<\/span><\/div><div class=\"qwen-markdown-space\">\u00a0<\/div><div class=\"qwen-markdown-paragraph\"><span class=\"qwen-markdown-text\">Morgendliche Kaffeerituale werden zu einem H\u00f6hepunkt Ihres Aufenthalts, wenn Sie lokale Caf\u00e9s entdecken, in denen sich Einheimische zum Plaudern, Arbeiten und Genie\u00dfen der entspannten vietnamesischen Caf\u00e9-Kultur treffen. Unser Rezeptionsteam empfiehlt Ihnen gerne nahegelegene Caf\u00e9s, die authentische Erlebnisse abseits der Touristenfallen bieten und Ihnen erm\u00f6glichen, die lokalen Traditionen und Aromen kennenzulernen.<\/span><\/div><div class=\"qwen-markdown-space\">\u00a0<\/div><h2 class=\"qwen-markdown-heading\"><span class=\"qwen-markdown-text\">Streetfood-Abenteuer in der N\u00e4he des PureJoy Hotels Saigon<\/span><\/h2><div class=\"qwen-markdown-paragraph\"><span class=\"qwen-markdown-text\">F\u00fcr experimentierfreudige Feinschmecker bieten die Stra\u00dfen rund um das PureJoy Hotel Saigon fantastische M\u00f6glichkeiten, authentisches vietnamesisches Streetfood zu probieren. Der nur wenige Gehminuten entfernte Ben-Thanh-Markt ist eine wahre Fundgrube an Essensst\u00e4nden mit lokalen Spezialit\u00e4ten zu erschwinglichen Preisen. Abends laden die Lebensmittelm\u00e4rkte und Fu\u00dfg\u00e4ngerzonen in der N\u00e4he von Bui Vien und Pham Ngu Lao zum Genie\u00dfen von gegrilltem Fleisch, frischen Meeresfr\u00fcchten, tropischen Fr\u00fcchten und traditionellen Desserts ein.<\/span><\/div><div class=\"qwen-markdown-space\">\u00a0<\/div><div class=\"qwen-markdown-paragraph\"><span class=\"qwen-markdown-text\">Unsere Mitarbeiter geben Ihnen gerne Tipps f\u00fcr ein sicheres Streetfood-Erlebnis und empfehlen Ihnen St\u00e4nde mit hoher Fluktuation und guten Hygienestandards. Wir sind \u00fcberzeugt, dass Streetfood ein wesentlicher Bestandteil des Verst\u00e4ndnisses der vietnamesischen Kultur ist und ermutigen unsere G\u00e4ste, diese authentischen kulinarischen Abenteuer unbesorgt zu erleben.<\/span><\/div><div class=\"qwen-markdown-space\">\u00a0<\/div><h2 class=\"qwen-markdown-heading\"><span class=\"qwen-markdown-text\">Gourmetrestaurants und Restaurants f\u00fcr besondere Anl\u00e4sse<\/span><\/h2><div class=\"qwen-markdown-paragraph\"><span class=\"qwen-markdown-text\">Das PureJoy Hotel Saigon liegt zentral im 1. Bezirk und bietet somit bequemen Zugang zu exklusiven Restaurants, die sich ideal f\u00fcr besondere Anl\u00e4sse, Gesch\u00e4ftsessen oder romantische Abende eignen. In wenigen Gehminuten oder mit einer kurzen Taxifahrt erreichen G\u00e4ste Dachterrassenrestaurants mit Panoramablick \u00fcber die Stadt, elegante Restaurants mit franz\u00f6sisch-vietnamesischer Fusionsk\u00fcche sowie internationale Gourmetrestaurants, die von Restaurantkritikern und Reisef\u00fchrern hochgelobt werden.<\/span><\/div><div class=\"qwen-markdown-space\">\u00a0<\/div><div class=\"qwen-markdown-paragraph\"><span class=\"qwen-markdown-text\">Unser Concierge-Team unterst\u00fctzt Sie gerne bei Restaurantreservierungen, informiert Sie \u00fcber den Dresscode und organisiert Ihren Transport, damit Ihre besonderen kulinarischen Erlebnisse reibungslos verlaufen. Wir wissen, dass unvergessliche Mahlzeiten oft zu den H\u00f6hepunkten einer Reise geh\u00f6ren, und wir sind stolz darauf, unseren G\u00e4sten Restaurants zu empfehlen, die ihren Vorlieben und Anl\u00e4ssen entsprechen.<\/span><\/div><div class=\"qwen-markdown-space\">\u00a0<\/div><h2 class=\"qwen-markdown-heading\"><span class=\"qwen-markdown-text\">Ern\u00e4hrungsw\u00fcnsche und besondere Anforderungen<\/span><\/h2><div class=\"qwen-markdown-paragraph\"><span class=\"qwen-markdown-text\">Das PureJoy Hotel Saigon ist bestrebt, G\u00e4sten mit besonderen Ern\u00e4hrungsbed\u00fcrfnissen und -vorlieben entgegenzukommen. Ob Sie vegetarische, vegane, Halal-, glutenfreie oder allergikerfreundliche Gerichte w\u00fcnschen \u2013 unsere Mitarbeiter empfehlen Ihnen gerne Restaurants in der N\u00e4he, die diese Bed\u00fcrfnisse erf\u00fcllen. Die vielf\u00e4ltige Gastronomieszene im 1. Bezirk bietet G\u00e4sten mit unterschiedlichen Ern\u00e4hrungsbeschr\u00e4nkungen die M\u00f6glichkeit, passende Optionen zu finden, ohne dabei auf Geschmack oder Qualit\u00e4t verzichten zu m\u00fcssen.<\/span><\/div><div class=\"qwen-markdown-space\">\u00a0<\/div><div class=\"qwen-markdown-paragraph\"><span class=\"qwen-markdown-text\">F\u00fcr G\u00e4ste mit besonderen Bed\u00fcrfnissen empfehlen wir, diese bei Ankunft unserem Rezeptionsteam mitzuteilen. Unsere Mitarbeiter stellen Ihnen individuelle Restaurantempfehlungen zusammen und k\u00f6nnen die Restaurants sogar vorab kontaktieren, um sicherzustellen, dass sie Ihren W\u00fcnschen entsprechen. So k\u00f6nnen Sie Ihre kulinarischen Entdeckungen unbesorgt genie\u00dfen.<\/span><\/div><div class=\"qwen-markdown-space\">\u00a0<\/div><h2 class=\"qwen-markdown-heading\"><span class=\"qwen-markdown-text\">Kochkurse und kulinarische Stadtf\u00fchrungen<\/span><\/h2><div class=\"qwen-markdown-paragraph\"><span class=\"qwen-markdown-text\">F\u00fcr G\u00e4ste, die ihr Wissen \u00fcber die vietnamesische K\u00fcche vertiefen m\u00f6chten, bietet das PureJoy Hotel Saigon Unterst\u00fctzung bei der Organisation von Kochkursen und kulinarischen Touren durch Ho-Chi-Minh-Stadt. Diese Erlebnisse erm\u00f6glichen es den Besuchern, lokale Zutaten, traditionelle Kochtechniken und die kulturelle Bedeutung verschiedener Gerichte kennenzulernen und gleichzeitig Fertigkeiten zu erwerben, die sie mit nach Hause nehmen k\u00f6nnen.<\/span><\/div><div class=\"qwen-markdown-space\">\u00a0<\/div><div class=\"qwen-markdown-paragraph\"><span class=\"qwen-markdown-text\">Markttouren in Kombination mit Kochkursen bieten ein intensives Erlebnis: Die Teilnehmer kaufen gemeinsam mit einheimischen K\u00f6chen frische Zutaten ein und bereiten anschlie\u00dfend authentische vietnamesische Gerichte zu. Diese Aktivit\u00e4ten sind besonders bei Urlaubern beliebt, die nach bedeutungsvollen kulturellen Begegnungen und unvergesslichen Erlebnissen jenseits typischer Touristenattraktionen suchen.<\/span><\/div><div class=\"qwen-markdown-space\">\u00a0<\/div><h2 class=\"qwen-markdown-heading\"><span class=\"qwen-markdown-text\">Warum Restaurants in der N\u00e4he des PureJoy Hotel Saigon so besonders sind<\/span><\/h2><div class=\"qwen-markdown-paragraph\"><span class=\"qwen-markdown-text\">Die kulinarischen Erlebnisse, die G\u00e4sten des PureJoy Hotel Saigon geboten werden, heben unser Haus von anderen Unterk\u00fcnften in Ho-Chi-Minh-Stadt ab. Dank unserer Lage haben Sie direkten Zugang zu einer Vielzahl an Restaurants \u2013 von Streetfood-St\u00e4nden bis hin zu Gourmetrestaurants \u2013 alles bequem zu Fu\u00df oder mit kurzen Fahrten erreichbar. Die hohe Dichte an erstklassigen Restaurants in unserer Umgebung bedeutet, dass Sie weniger Zeit mit der Suche nach Mahlzeiten verbringen und mehr Zeit haben, exzellentes Essen und angenehme Gesellschaft zu genie\u00dfen.<\/span><\/div><div class=\"qwen-markdown-space\">\u00a0<\/div><div class=\"qwen-markdown-paragraph\"><span class=\"qwen-markdown-text\">Unsere sachkundigen Mitarbeiter fungieren als kulinarische Reisef\u00fchrer und geben Ihnen Insider-Tipps, damit Sie verborgene kulinarische Sch\u00e4tze entdecken und Touristenfallen vermeiden k\u00f6nnen. Dieser individuelle Ansatz bei Restaurantempfehlungen sorgt daf\u00fcr, dass jede Mahlzeit zu einem bereichernden Teil Ihres Ho-Chi-Minh-Stadt-Erlebnisses wird und nicht nur eine notwendige Pflicht ist.<\/span><\/div><div class=\"qwen-markdown-space\">\u00a0<\/div><h2 class=\"qwen-markdown-heading\"><span class=\"qwen-markdown-text\">Gestalten Sie Ihre kulinarische Geschichte im PureJoy Hotel Saigon<\/span><\/h2><div class=\"qwen-markdown-paragraph\"><span class=\"qwen-markdown-text\">Jede Mahlzeit w\u00e4hrend Ihres Aufenthalts im PureJoy Hotel Saigon hat das Potenzial, zu einer unvergesslichen Erinnerung zu werden. Vom morgendlichen Kaffeeritual bis hin zu kulinarischen Entdeckungen in der n\u00e4chtlichen Streetfood-Szene bietet die Umgebung unseres Hotels unz\u00e4hlige M\u00f6glichkeiten zum Genie\u00dfen und Entdecken. Wir laden Sie ein, die Aromen Vietnams zu erleben, die vielf\u00e4ltigen Restaurants in unserer Nachbarschaft zu erkunden und sich von Ihrem Gaumen durch das reiche kulinarische Erbe von Ho-Chi-Minh-Stadt f\u00fchren zu lassen.<\/span><\/div><div class=\"qwen-markdown-space\">\u00a0<\/div><div class=\"qwen-markdown-paragraph\" data-spm-anchor-id=\"a2ty_o01.29997173.0.i17.45645171DftUqi\"><span class=\"qwen-markdown-text\">Buchen Sie Ihren Aufenthalt im PureJoy Hotel Saigon und entdecken Sie, warum G\u00e4ste die kulinarischen Erlebnisse in unserer Umgebung immer wieder als H\u00f6hepunkte ihrer Vietnamreise bewerten. Ob Sie authentische lokale Spezialit\u00e4ten, internationale Wohlf\u00fchlgerichte oder ein exklusives Dinner f\u00fcr besondere Anl\u00e4sse suchen \u2013 das PureJoy Hotel Saigon ist der perfekte Ausgangspunkt f\u00fcr Ihre kulinarischen Entdeckungen in Saigons pulsierendstem Viertel.<\/span><\/div>\t\t\t\t\t\t\t\t<\/div>\n\t\t\t\t\t<\/div>\n\t\t\t\t<\/div>\n\t\t\t\t<\/div>","protected":false},"excerpt":{"rendered":"<p>Dining at PureJoy Hotel Saigon \u2013 Your Culinary Gateway to Ho Chi Minh City&#8217;s Flavors Experience Authentic Vietnamese Cuisine and International Flavors at PureJoy Hotel Saigon PureJoy Hotel Saigon, located at 185-187 Nguyen Thai Hoc Street in Ben Thanh Ward, District 1, Ho Chi Minh City, offers guests an exceptional culinary journey that begins at [&hellip;]<\/p>\n","protected":false},"author":1,"featured_media":0,"parent":0,"menu_order":0,"comment_status":"closed","ping_status":"closed","template":"elementor_header_footer","meta":{"footnotes":""},"class_list":["post-612","page","type-page","status-publish","hentry","post-no-thumbnail"],"_links":{"self":[{"href":"https:\/\/purejoyhotelsaigon.com\/de\/wp-json\/wp\/v2\/pages\/612","targetHints":{"allow":["GET"]}}],"collection":[{"href":"https:\/\/purejoyhotelsaigon.com\/de\/wp-json\/wp\/v2\/pages"}],"about":[{"href":"https:\/\/purejoyhotelsaigon.com\/de\/wp-json\/wp\/v2\/types\/page"}],"author":[{"embeddable":true,"href":"https:\/\/purejoyhotelsaigon.com\/de\/wp-json\/wp\/v2\/users\/1"}],"replies":[{"embeddable":true,"href":"https:\/\/purejoyhotelsaigon.com\/de\/wp-json\/wp\/v2\/comments?post=612"}],"version-history":[{"count":3,"href":"https:\/\/purejoyhotelsaigon.com\/de\/wp-json\/wp\/v2\/pages\/612\/revisions"}],"predecessor-version":[{"id":5726,"href":"https:\/\/purejoyhotelsaigon.com\/de\/wp-json\/wp\/v2\/pages\/612\/revisions\/5726"}],"wp:attachment":[{"href":"https:\/\/purejoyhotelsaigon.com\/de\/wp-json\/wp\/v2\/media?parent=612"}],"curies":[{"name":"wp","href":"https:\/\/api.w.org\/{rel}","templated":true}]}}