{"id":5266,"date":"2021-07-18T08:03:35","date_gmt":"2021-07-18T08:03:35","guid":{"rendered":"https:\/\/nuss.uxper.co\/luxury-resort\/?page_id=5266"},"modified":"2026-03-27T07:17:43","modified_gmt":"2026-03-27T07:17:43","slug":"uber-uns","status":"publish","type":"page","link":"https:\/\/purejoyhotelsaigon.com\/de\/about-us\/","title":{"rendered":"\u00dcber uns"},"content":{"rendered":"<div data-elementor-type=\"wp-page\" data-elementor-id=\"5266\" class=\"elementor elementor-5266\">\n\t\t\t\t\t\t<section class=\"elementor-section elementor-top-section elementor-element elementor-element-10416953 elementor-section-boxed elementor-section-gap-beside-yes elementor-section-height-default elementor-section-height-default elementor-section-column-vertical-align-stretch\" data-id=\"10416953\" data-element_type=\"section\" data-e-type=\"section\">\n\t\t\t\t\t\t<div class=\"elementor-container elementor-column-gap-extended\">\n\t\t\t\t\t<div class=\"elementor-column elementor-col-100 elementor-top-column elementor-element elementor-element-29c6aa8\" data-id=\"29c6aa8\" data-element_type=\"column\" data-e-type=\"column\">\n\t\t\t<div class=\"elementor-widget-wrap elementor-element-populated\">\n\t\t\t\t\t\t<div class=\"elementor-element elementor-element-7be18fe7 elementor-widget__width-initial elementor-invisible elementor-widget elementor-widget-text-editor\" data-id=\"7be18fe7\" data-element_type=\"widget\" data-e-type=\"widget\" data-settings=\"{&quot;_animation&quot;:&quot;nussFadeInUp&quot;}\" data-widget_type=\"text-editor.default\">\n\t\t\t\t\t\t\t\t\t<p class=\"qwen-markdown-heading\"><span class=\"qwen-markdown-text\" data-spm-anchor-id=\"a2ty_o01.29997173.0.i48.45645171DftUqi\">PureJoy Hotel Saigon \u2013 Ihr Tor zum Herzen von Ho-Chi-Minh-Stadt<\/span><\/p>\t\t\t\t\t\t\t\t<\/div>\n\t\t\t\t\t<\/div>\n\t\t<\/div>\n\t\t\t\t\t<\/div>\n\t\t<\/section>\n\t\t\t\t<section class=\"elementor-section elementor-top-section elementor-element elementor-element-7d18327f elementor-section-boxed elementor-section-gap-beside-yes elementor-section-height-default elementor-section-height-default elementor-section-column-vertical-align-stretch\" data-id=\"7d18327f\" data-element_type=\"section\" data-e-type=\"section\">\n\t\t\t\t\t\t<div class=\"elementor-container elementor-column-gap-extended\">\n\t\t\t\t\t<div class=\"elementor-column elementor-col-50 elementor-top-column elementor-element elementor-element-56533670\" data-id=\"56533670\" data-element_type=\"column\" data-e-type=\"column\">\n\t\t\t<div class=\"elementor-widget-wrap elementor-element-populated\">\n\t\t\t\t\t\t<div class=\"elementor-element elementor-element-19c3f543 elementor-invisible elementor-widget elementor-widget-text-editor\" data-id=\"19c3f543\" data-element_type=\"widget\" data-e-type=\"widget\" data-settings=\"{&quot;_animation&quot;:&quot;nussFadeInUp&quot;}\" data-widget_type=\"text-editor.default\">\n\t\t\t\t\t\t\t\t\t<p><span class=\"qwen-markdown-text\">Mitten im pulsierenden Herzen des 1. Bezirks gelegen, bietet das PureJoy Hotel Saigon in der Nguyen Thai Hoc Stra\u00dfe 185-187 im Stadtteil Ben Thanh von Ho-Chi-Minh-Stadt einen einladenden R\u00fcckzugsort. Dieses liebevoll gestaltete Boutique-Hotel vereint authentisches Vietnam mit modernem Komfort und ist somit die ideale Wahl f\u00fcr Urlauber und Gesch\u00e4ftsreisende, die Wert auf Komfort ohne Kompromisse legen.<\/span><\/p>\t\t\t\t\t\t\t\t<\/div>\n\t\t\t\t\t<\/div>\n\t\t<\/div>\n\t\t\t\t<div class=\"elementor-column elementor-col-50 elementor-top-column elementor-element elementor-element-30f14127\" data-id=\"30f14127\" data-element_type=\"column\" data-e-type=\"column\">\n\t\t\t<div class=\"elementor-widget-wrap elementor-element-populated\">\n\t\t\t\t\t\t<div class=\"elementor-element elementor-element-350da02e elementor-invisible nuss-elementor-loading nuss-slide-in-left elementor-widget elementor-widget-image\" data-id=\"350da02e\" data-element_type=\"widget\" data-e-type=\"widget\" data-settings=\"{&quot;_animation&quot;:&quot;nussSlideInLeft&quot;}\" data-widget_type=\"image.default\">\n\t\t\t\t\t\t\t\t\t\t\t\t\t\t\t<img fetchpriority=\"high\" decoding=\"async\" width=\"1024\" height=\"1436\" src=\"https:\/\/purejoyhotelsaigon.com\/wp-content\/uploads\/2026\/03\/PureJoy-Hotel-Saigon-Agoda-15.jpg\" class=\"attachment-full size-full wp-image-5678\" alt=\"\" srcset=\"https:\/\/purejoyhotelsaigon.com\/wp-content\/uploads\/2026\/03\/PureJoy-Hotel-Saigon-Agoda-15.jpg 1024w, https:\/\/purejoyhotelsaigon.com\/wp-content\/uploads\/2026\/03\/PureJoy-Hotel-Saigon-Agoda-15-214x300.jpg 214w, https:\/\/purejoyhotelsaigon.com\/wp-content\/uploads\/2026\/03\/PureJoy-Hotel-Saigon-Agoda-15-730x1024.jpg 730w, https:\/\/purejoyhotelsaigon.com\/wp-content\/uploads\/2026\/03\/PureJoy-Hotel-Saigon-Agoda-15-768x1077.jpg 768w\" sizes=\"(max-width: 1024px) 100vw, 1024px\" \/>\t\t\t\t\t\t\t\t\t\t\t\t\t\t\t<\/div>\n\t\t\t\t\t<\/div>\n\t\t<\/div>\n\t\t\t\t\t<\/div>\n\t\t<\/section>\n\t\t\t\t<section class=\"elementor-section elementor-top-section elementor-element elementor-element-29fb8578 elementor-section-height-min-height elementor-section-stretched elementor-section-full_width elementor-section-items-stretch elementor-section-height-default elementor-section-column-vertical-align-stretch\" data-id=\"29fb8578\" data-element_type=\"section\" data-e-type=\"section\" data-settings=\"{&quot;stretch_section&quot;:&quot;section-stretched&quot;}\">\n\t\t\t\t\t\t<div class=\"elementor-container elementor-column-gap-no\">\n\t\t\t\t\t<div class=\"elementor-column elementor-col-50 elementor-top-column elementor-element elementor-element-40ac270b\" data-id=\"40ac270b\" data-element_type=\"column\" data-e-type=\"column\">\n\t\t\t<div class=\"elementor-widget-wrap elementor-element-populated\">\n\t\t\t\t\t\t<div class=\"elementor-element elementor-element-20872773 elementor-widget__width-initial elementor-widget-mobile__width-inherit elementor-invisible nuss-elementor-loading nuss-slide-in-right elementor-widget elementor-widget-image\" data-id=\"20872773\" data-element_type=\"widget\" data-e-type=\"widget\" data-settings=\"{&quot;_animation&quot;:&quot;nussSlideInRight&quot;}\" data-widget_type=\"image.default\">\n\t\t\t\t\t\t\t\t\t\t\t\t\t\t\t<img decoding=\"async\" width=\"1024\" height=\"737\" src=\"https:\/\/purejoyhotelsaigon.com\/wp-content\/uploads\/2026\/03\/PureJoy-Hotel-Saigon-Agoda-18.jpg\" class=\"attachment-full size-full wp-image-5683\" alt=\"\" srcset=\"https:\/\/purejoyhotelsaigon.com\/wp-content\/uploads\/2026\/03\/PureJoy-Hotel-Saigon-Agoda-18.jpg 1024w, https:\/\/purejoyhotelsaigon.com\/wp-content\/uploads\/2026\/03\/PureJoy-Hotel-Saigon-Agoda-18-300x216.jpg 300w, https:\/\/purejoyhotelsaigon.com\/wp-content\/uploads\/2026\/03\/PureJoy-Hotel-Saigon-Agoda-18-768x553.jpg 768w\" sizes=\"(max-width: 1024px) 100vw, 1024px\" \/>\t\t\t\t\t\t\t\t\t\t\t\t\t\t\t<\/div>\n\t\t\t\t\t<\/div>\n\t\t<\/div>\n\t\t\t\t<div class=\"elementor-column elementor-col-50 elementor-top-column elementor-element elementor-element-2dac103\" data-id=\"2dac103\" data-element_type=\"column\" data-e-type=\"column\">\n\t\t\t<div class=\"elementor-widget-wrap elementor-element-populated\">\n\t\t\t\t\t\t<div class=\"elementor-element elementor-element-6f1b8966 elementor-invisible elementor-widget elementor-widget-text-editor\" data-id=\"6f1b8966\" data-element_type=\"widget\" data-e-type=\"widget\" data-settings=\"{&quot;_animation&quot;:&quot;nussFadeInUp&quot;}\" data-widget_type=\"text-editor.default\">\n\t\t\t\t\t\t\t\t\t<h2 class=\"qwen-markdown-heading\"><span class=\"qwen-markdown-text\" data-spm-anchor-id=\"a2ty_o01.29997173.0.i49.45645171DftUqi\">Erstklassige Lage in Saigons dynamischstem Viertel<\/span><\/h2><div class=\"qwen-markdown-paragraph\"><span class=\"qwen-markdown-text\">Das PureJoy Hotel Saigon befindet sich in einer der begehrtesten Lagen von Ho-Chi-Minh-Stadt. Nur acht Gehminuten entfernt liegt der ber\u00fchmte Ben-Thanh-Markt, wo sich lokale Kultur, Streetfood und Shopping zu einem farbenfrohen Erlebnis vereinen. Die bekannte Bui-Vien-Fu\u00dfg\u00e4ngerzone und die Pham-Ngu-Lao-Stra\u00dfe, ber\u00fchmt f\u00fcr ihr pulsierendes Nachtleben und ihre internationale Gastronomieszene, sind bequem zu Fu\u00df erreichbar. Kunstliebhaber erreichen das Kunstmuseum in nur sieben Minuten, und Shoppingbegeisterte k\u00f6nnen Takashimaya Vietnam und das Vincom Center Shopping Mall in weniger als zehn Minuten zu Fu\u00df erreichen. Dank der guten Anbindung an nahegelegene Bahn- und U-Bahn-Stationen ist eine bequeme Fortbewegung in der ganzen Stadt gew\u00e4hrleistet. Der Saigon-Platz und die Dong-Khoi-Stra\u00dfe sind ebenfalls gut erreichbar f\u00fcr alle, die Saigons Kolonialarchitektur und exklusive Boutiquen erkunden m\u00f6chten.<\/span><\/div>\t\t\t\t\t\t\t\t<\/div>\n\t\t\t\t\t<\/div>\n\t\t<\/div>\n\t\t\t\t\t<\/div>\n\t\t<\/section>\n\t\t\t\t<section class=\"elementor-section elementor-top-section elementor-element elementor-element-de63c7e elementor-section-height-min-height elementor-section-stretched elementor-section-full_width elementor-section-items-stretch elementor-section-height-default elementor-section-column-vertical-align-stretch\" data-id=\"de63c7e\" data-element_type=\"section\" data-e-type=\"section\" data-settings=\"{&quot;stretch_section&quot;:&quot;section-stretched&quot;}\">\n\t\t\t\t\t\t<div class=\"elementor-container elementor-column-gap-no\">\n\t\t\t\t\t<div class=\"elementor-column elementor-col-50 elementor-top-column elementor-element elementor-element-09d55eb\" data-id=\"09d55eb\" data-element_type=\"column\" data-e-type=\"column\">\n\t\t\t<div class=\"elementor-widget-wrap elementor-element-populated\">\n\t\t\t\t\t\t<div class=\"elementor-element elementor-element-7637409 elementor-invisible elementor-widget elementor-widget-text-editor\" data-id=\"7637409\" data-element_type=\"widget\" data-e-type=\"widget\" data-settings=\"{&quot;_animation&quot;:&quot;nussFadeInUp&quot;}\" data-widget_type=\"text-editor.default\">\n\t\t\t\t\t\t\t\t\t<h2 class=\"qwen-markdown-heading\"><span class=\"qwen-markdown-text\">Komfortable und gut ausgestattete G\u00e4stezimmer<\/span><\/h2><div class=\"qwen-markdown-paragraph\"><span class=\"qwen-markdown-text\">Das PureJoy Hotel Saigon bietet klimatisierte Zimmer, die speziell auf die Bed\u00fcrfnisse moderner Reisender zugeschnitten sind. Jedes Zimmer verf\u00fcgt \u00fcber schallisolierte Fenster f\u00fcr ungest\u00f6rte Erholung trotz des pulsierenden Stadtlebens. Die privaten Badezimmer sind mit erfrischenden Duschen, kostenlosen Pflegeprodukten, Haartrocknern und bequemen Hausschuhen ausgestattet. Eine Minibar sorgt daf\u00fcr, dass Sie Ihre Getr\u00e4nke und Snacks jederzeit k\u00fchl genie\u00dfen k\u00f6nnen. Kostenloses Highspeed-WLAN im gesamten Hotel erm\u00f6glicht es Ihnen, f\u00fcr Arbeit oder Unterhaltung in Verbindung zu bleiben. F\u00fcr gesundheitsbewusste Reisende stehen Nichtraucherzimmer zur Verf\u00fcgung. Die ger\u00e4umigen und sauberen Unterk\u00fcnfte bieten Ihnen einen Ort der Ruhe und Entspannung nach erlebnisreichen Tagen in Vietnams gr\u00f6\u00dfter Stadt.<\/span><\/div>\t\t\t\t\t\t\t\t<\/div>\n\t\t\t\t\t<\/div>\n\t\t<\/div>\n\t\t\t\t<div class=\"elementor-column elementor-col-50 elementor-top-column elementor-element elementor-element-67fb299\" data-id=\"67fb299\" data-element_type=\"column\" data-e-type=\"column\">\n\t\t\t<div class=\"elementor-widget-wrap elementor-element-populated\">\n\t\t\t\t\t\t<div class=\"elementor-element elementor-element-c44d5da elementor-widget__width-initial elementor-widget-mobile__width-inherit elementor-invisible nuss-elementor-loading nuss-slide-in-right elementor-widget elementor-widget-image\" data-id=\"c44d5da\" data-element_type=\"widget\" data-e-type=\"widget\" data-settings=\"{&quot;_animation&quot;:&quot;nussSlideInRight&quot;}\" data-widget_type=\"image.default\">\n\t\t\t\t\t\t\t\t\t\t\t\t\t\t\t<img decoding=\"async\" width=\"1024\" height=\"1024\" src=\"https:\/\/purejoyhotelsaigon.com\/wp-content\/uploads\/2026\/03\/PureJoy-Hotel-Saigon-Agoda-27.jpg\" class=\"attachment-full size-full wp-image-5692\" alt=\"\" srcset=\"https:\/\/purejoyhotelsaigon.com\/wp-content\/uploads\/2026\/03\/PureJoy-Hotel-Saigon-Agoda-27.jpg 1024w, https:\/\/purejoyhotelsaigon.com\/wp-content\/uploads\/2026\/03\/PureJoy-Hotel-Saigon-Agoda-27-300x300.jpg 300w, https:\/\/purejoyhotelsaigon.com\/wp-content\/uploads\/2026\/03\/PureJoy-Hotel-Saigon-Agoda-27-150x150.jpg 150w, https:\/\/purejoyhotelsaigon.com\/wp-content\/uploads\/2026\/03\/PureJoy-Hotel-Saigon-Agoda-27-768x768.jpg 768w\" sizes=\"(max-width: 1024px) 100vw, 1024px\" \/>\t\t\t\t\t\t\t\t\t\t\t\t\t\t\t<\/div>\n\t\t\t\t\t<\/div>\n\t\t<\/div>\n\t\t\t\t\t<\/div>\n\t\t<\/section>\n\t\t\t\t<section class=\"elementor-section elementor-top-section elementor-element elementor-element-1ea7ce7 elementor-section-height-min-height elementor-section-stretched elementor-section-full_width elementor-section-items-stretch elementor-section-height-default elementor-section-column-vertical-align-stretch\" data-id=\"1ea7ce7\" data-element_type=\"section\" data-e-type=\"section\" data-settings=\"{&quot;stretch_section&quot;:&quot;section-stretched&quot;}\">\n\t\t\t\t\t\t<div class=\"elementor-container elementor-column-gap-no\">\n\t\t\t\t\t<div class=\"elementor-column elementor-col-50 elementor-top-column elementor-element elementor-element-5f812fa\" data-id=\"5f812fa\" data-element_type=\"column\" data-e-type=\"column\">\n\t\t\t<div class=\"elementor-widget-wrap elementor-element-populated\">\n\t\t\t\t\t\t<div class=\"elementor-element elementor-element-857367a elementor-widget__width-initial elementor-widget-mobile__width-inherit elementor-invisible nuss-elementor-loading nuss-slide-in-right elementor-widget elementor-widget-image\" data-id=\"857367a\" data-element_type=\"widget\" data-e-type=\"widget\" data-settings=\"{&quot;_animation&quot;:&quot;nussSlideInRight&quot;}\" data-widget_type=\"image.default\">\n\t\t\t\t\t\t\t\t\t\t\t\t\t\t\t<img loading=\"lazy\" decoding=\"async\" width=\"1024\" height=\"1024\" src=\"https:\/\/purejoyhotelsaigon.com\/wp-content\/uploads\/2026\/03\/PureJoy-Hotel-Saigon-Agoda-20.jpg\" class=\"attachment-full size-full wp-image-5685\" alt=\"\" srcset=\"https:\/\/purejoyhotelsaigon.com\/wp-content\/uploads\/2026\/03\/PureJoy-Hotel-Saigon-Agoda-20.jpg 1024w, https:\/\/purejoyhotelsaigon.com\/wp-content\/uploads\/2026\/03\/PureJoy-Hotel-Saigon-Agoda-20-300x300.jpg 300w, https:\/\/purejoyhotelsaigon.com\/wp-content\/uploads\/2026\/03\/PureJoy-Hotel-Saigon-Agoda-20-150x150.jpg 150w, https:\/\/purejoyhotelsaigon.com\/wp-content\/uploads\/2026\/03\/PureJoy-Hotel-Saigon-Agoda-20-768x768.jpg 768w\" sizes=\"(max-width: 1024px) 100vw, 1024px\" \/>\t\t\t\t\t\t\t\t\t\t\t\t\t\t\t<\/div>\n\t\t\t\t\t<\/div>\n\t\t<\/div>\n\t\t\t\t<div class=\"elementor-column elementor-col-50 elementor-top-column elementor-element elementor-element-3ebdc03\" data-id=\"3ebdc03\" data-element_type=\"column\" data-e-type=\"column\">\n\t\t\t<div class=\"elementor-widget-wrap elementor-element-populated\">\n\t\t\t\t\t\t<div class=\"elementor-element elementor-element-dbf462e elementor-invisible elementor-widget elementor-widget-text-editor\" data-id=\"dbf462e\" data-element_type=\"widget\" data-e-type=\"widget\" data-settings=\"{&quot;_animation&quot;:&quot;nussFadeInUp&quot;}\" data-widget_type=\"text-editor.default\">\n\t\t\t\t\t\t\t\t\t<h2 class=\"qwen-markdown-heading\"><span class=\"qwen-markdown-text\">Spezielle Serviceleistungen f\u00fcr einen reibungslosen Aufenthalt<\/span><\/h2><div class=\"qwen-markdown-paragraph\"><span class=\"qwen-markdown-text\">Das 24-Stunden-Rezeptionsteam des Hotels steht Ihnen jederzeit zur Verf\u00fcgung, sei es bei der Organisation von Flughafentransfers, der Beratung zu Ausflugszielen oder der Gep\u00e4ckaufbewahrung. Die freundlichen Mitarbeiter an der Rezeption sind bekannt f\u00fcr ihre herzliche Gastfreundschaft und ihr au\u00dfergew\u00f6hnliches Engagement, das f\u00fcr einen unvergesslichen Aufenthalt sorgt. Die t\u00e4gliche Zimmerreinigung gew\u00e4hrleistet makellose Sauberkeit, und sichere Zugangssysteme bieten allen G\u00e4sten ein beruhigendes Gef\u00fchl. Die Empfangshalle l\u00e4dt zum Entspannen, Planen des Tagesprogramms oder zum Kennenlernen anderer Reisender aus aller Welt ein.<\/span><\/div>\t\t\t\t\t\t\t\t<\/div>\n\t\t\t\t\t<\/div>\n\t\t<\/div>\n\t\t\t\t\t<\/div>\n\t\t<\/section>\n\t\t\t\t<section class=\"elementor-section elementor-top-section elementor-element elementor-element-d444225 elementor-section-height-min-height elementor-section-stretched elementor-section-full_width elementor-section-items-stretch elementor-section-height-default elementor-section-column-vertical-align-stretch\" data-id=\"d444225\" data-element_type=\"section\" data-e-type=\"section\" data-settings=\"{&quot;stretch_section&quot;:&quot;section-stretched&quot;}\">\n\t\t\t\t\t\t<div class=\"elementor-container elementor-column-gap-no\">\n\t\t\t\t\t<div class=\"elementor-column elementor-col-50 elementor-top-column elementor-element elementor-element-ab5058c\" data-id=\"ab5058c\" data-element_type=\"column\" data-e-type=\"column\">\n\t\t\t<div class=\"elementor-widget-wrap elementor-element-populated\">\n\t\t\t\t\t\t<div class=\"elementor-element elementor-element-07f6ce9 elementor-invisible elementor-widget elementor-widget-text-editor\" data-id=\"07f6ce9\" data-element_type=\"widget\" data-e-type=\"widget\" data-settings=\"{&quot;_animation&quot;:&quot;nussFadeInUp&quot;}\" data-widget_type=\"text-editor.default\">\n\t\t\t\t\t\t\t\t\t<h2 class=\"qwen-markdown-heading\"><span class=\"qwen-markdown-text\">Entdecken Sie Saigons kulinarische Szene direkt vor Ihrer Haust\u00fcr<\/span><\/h2><div class=\"qwen-markdown-paragraph\"><span class=\"qwen-markdown-text\">W\u00e4hrend das PureJoy Hotel Saigon Wert auf komfortable Zimmerausstattung legt, bietet die Umgebung eine schier endlose Auswahl an Restaurants. Das Hotel liegt in einem Viertel, das f\u00fcr seine vielf\u00e4ltige Gastronomieszene bekannt ist \u2013 von traditionellen vietnamesischen Gerichten wie Pho und Banh Mi bis hin zu internationaler K\u00fcche, die Saigons kosmopolitischen Charakter widerspiegelt. Die nahegelegene Japanese Street bietet authentische asiatische Aromen, w\u00e4hrend der Ben-Thanh-Markt zum Probieren lokaler Streetfood-Spezialit\u00e4ten einl\u00e4dt. Zahlreiche Caf\u00e9s, Restaurants und Nachtm\u00e4rkte in fu\u00dfl\u00e4ufiger Entfernung machen jede Mahlzeit zu einem neuen Geschmacks- und Kulturerlebnis.<\/span><\/div>\t\t\t\t\t\t\t\t<\/div>\n\t\t\t\t\t<\/div>\n\t\t<\/div>\n\t\t\t\t<div class=\"elementor-column elementor-col-50 elementor-top-column elementor-element elementor-element-4ff155e\" data-id=\"4ff155e\" data-element_type=\"column\" data-e-type=\"column\">\n\t\t\t<div class=\"elementor-widget-wrap elementor-element-populated\">\n\t\t\t\t\t\t<div class=\"elementor-element elementor-element-4ef65b3 elementor-widget__width-initial elementor-widget-mobile__width-inherit elementor-invisible nuss-elementor-loading nuss-slide-in-right elementor-widget elementor-widget-image\" data-id=\"4ef65b3\" data-element_type=\"widget\" data-e-type=\"widget\" data-settings=\"{&quot;_animation&quot;:&quot;nussSlideInRight&quot;}\" data-widget_type=\"image.default\">\n\t\t\t\t\t\t\t\t\t\t\t\t\t\t\t<img loading=\"lazy\" decoding=\"async\" width=\"853\" height=\"853\" src=\"https:\/\/purejoyhotelsaigon.com\/wp-content\/uploads\/2026\/03\/PureJoy-Hotel-Saigon-18.webp\" class=\"attachment-full size-full wp-image-5605\" alt=\"\" srcset=\"https:\/\/purejoyhotelsaigon.com\/wp-content\/uploads\/2026\/03\/PureJoy-Hotel-Saigon-18.webp 853w, https:\/\/purejoyhotelsaigon.com\/wp-content\/uploads\/2026\/03\/PureJoy-Hotel-Saigon-18-300x300.webp 300w, https:\/\/purejoyhotelsaigon.com\/wp-content\/uploads\/2026\/03\/PureJoy-Hotel-Saigon-18-150x150.webp 150w, https:\/\/purejoyhotelsaigon.com\/wp-content\/uploads\/2026\/03\/PureJoy-Hotel-Saigon-18-768x768.webp 768w\" sizes=\"(max-width: 853px) 100vw, 853px\" \/>\t\t\t\t\t\t\t\t\t\t\t\t\t\t\t<\/div>\n\t\t\t\t\t<\/div>\n\t\t<\/div>\n\t\t\t\t\t<\/div>\n\t\t<\/section>\n\t\t<div class=\"elementor-element elementor-element-a4c67ee e-flex e-con-boxed e-con e-parent\" data-id=\"a4c67ee\" data-element_type=\"container\" data-e-type=\"container\">\n\t\t\t\t\t<div class=\"e-con-inner\">\n\t\t\t\t<div class=\"elementor-element elementor-element-987cf08 elementor-widget elementor-widget-text-editor\" data-id=\"987cf08\" data-element_type=\"widget\" data-e-type=\"widget\" data-widget_type=\"text-editor.default\">\n\t\t\t\t\t\t\t\t\t<h2 class=\"qwen-markdown-heading\"><span class=\"qwen-markdown-text\">Warum Sie sich f\u00fcr das PureJoy Hotel Saigon entscheiden sollten<\/span><\/h2><div class=\"qwen-markdown-paragraph\"><span class=\"qwen-markdown-text\">Das PureJoy Hotel Saigon besticht durch seine unschlagbare zentrale Lage, seinen aufmerksamen Service und sein Engagement f\u00fcr den Komfort seiner G\u00e4ste. Reisende sch\u00e4tzen die Kombination aus Erschwinglichkeit und Qualit\u00e4t, die sich in den sauberen Zimmern, der zuverl\u00e4ssigen Ausstattung und den Mitarbeitern widerspiegelt, denen das Wohl ihrer G\u00e4ste am Herzen liegt. Ob Sie Ho-Chi-Minh-Stadt gesch\u00e4ftlich besuchen, die Kultur erkunden oder einfach die Energie von Vietnams dynamischster Metropole erleben m\u00f6chten \u2013 das PureJoy Hotel Saigon ist der perfekte Ausgangspunkt. Dank der N\u00e4he zu wichtigen Sehensw\u00fcrdigkeiten, Einkaufsm\u00f6glichkeiten und Verkehrsknotenpunkten verbringen G\u00e4ste weniger Zeit mit der Anreise und mehr Zeit damit, alles zu genie\u00dfen, was diese faszinierende Stadt zu bieten hat.<\/span><\/div><div class=\"qwen-markdown-space\">\u00a0<\/div><div class=\"qwen-markdown-paragraph\"><span class=\"qwen-markdown-text\">Buchen Sie Ihren Aufenthalt im PureJoy Hotel Saigon und entdecken Sie, warum Reisende dieses Juwel im 1. Bezirk immer wieder f\u00fcr ihre Abenteuer in Ho-Chi-Minh-Stadt w\u00e4hlen. Erleben Sie von Ihrer Ankunft bis zu Ihrer Abreise die herzliche vietnamesische Gastfreundschaft in einem Ambiente, das urbanes Flair und erholsamen Komfort perfekt vereint.<\/span><\/div>\t\t\t\t\t\t\t\t<\/div>\n\t\t\t\t\t<\/div>\n\t\t\t\t<\/div>\n\t\t\t\t<\/div>","protected":false},"excerpt":{"rendered":"<p>PureJoy Hotel Saigon \u2013 Your Gateway to the Heart of Ho Chi Minh City Nestled in the vibrant core of District 1, PureJoy Hotel Saigon stands as a welcoming urban retreat at 185-187 Nguyen Thai Hoc Street, Ben Thanh Ward, Ho Chi Minh City. This thoughtfully designed boutique hotel offers travelers an authentic Vietnamese experience [&hellip;]<\/p>\n","protected":false},"author":1,"featured_media":0,"parent":0,"menu_order":0,"comment_status":"closed","ping_status":"closed","template":"","meta":{"footnotes":""},"class_list":["post-5266","page","type-page","status-publish","hentry","post-no-thumbnail"],"_links":{"self":[{"href":"https:\/\/purejoyhotelsaigon.com\/de\/wp-json\/wp\/v2\/pages\/5266","targetHints":{"allow":["GET"]}}],"collection":[{"href":"https:\/\/purejoyhotelsaigon.com\/de\/wp-json\/wp\/v2\/pages"}],"about":[{"href":"https:\/\/purejoyhotelsaigon.com\/de\/wp-json\/wp\/v2\/types\/page"}],"author":[{"embeddable":true,"href":"https:\/\/purejoyhotelsaigon.com\/de\/wp-json\/wp\/v2\/users\/1"}],"replies":[{"embeddable":true,"href":"https:\/\/purejoyhotelsaigon.com\/de\/wp-json\/wp\/v2\/comments?post=5266"}],"version-history":[{"count":6,"href":"https:\/\/purejoyhotelsaigon.com\/de\/wp-json\/wp\/v2\/pages\/5266\/revisions"}],"predecessor-version":[{"id":5753,"href":"https:\/\/purejoyhotelsaigon.com\/de\/wp-json\/wp\/v2\/pages\/5266\/revisions\/5753"}],"wp:attachment":[{"href":"https:\/\/purejoyhotelsaigon.com\/de\/wp-json\/wp\/v2\/media?parent=5266"}],"curies":[{"name":"wp","href":"https:\/\/api.w.org\/{rel}","templated":true}]}}